{"id":6003,"date":"2024-01-21T04:27:10","date_gmt":"2024-01-21T01:27:10","guid":{"rendered":"https:\/\/cakirspor.com\/?page_id=6003"},"modified":"2024-11-25T19:41:57","modified_gmt":"2024-11-25T16:41:57","slug":"instu-binder-epdm-ve-sbr-baglayici","status":"publish","type":"page","link":"https:\/\/cakirspor.com\/index.php\/instu-binder-epdm-ve-sbr-baglayici\/","title":{"rendered":"\u0130nstu Binder EPDM ve SBR Ba\u011flay\u0131c\u0131"},"content":{"rendered":"\n<h3 class=\"wp-block-heading alignfull has-text-color has-background has-small-font-size\" style=\"color:#ffffff00;background:linear-gradient(180deg,rgb(255,255,255) 46%,rgb(169,184,195) 87%)\">Poli\u00fcretan Ba\u011flay\u0131c\u0131larla EPDM ve SBR Gran\u00fcllerin Birle\u015ftirilmesi &#8211; EPDM ve SBR Gran\u00fcller \u0130\u00e7in \u0130ki Bile\u015fenli Ba\u011flay\u0131c\u0131 Sistemler &#8211; \u00c7ocuk Oyun Alanlar\u0131 \u0130\u00e7in G\u00fcvenli Zemin \u00c7\u00f6z\u00fcmleri: \u0130nstu Binder EPDM ve SBR Ba\u011flay\u0131c\u0131lar &#8211;  Poli\u00fcretan Ba\u011flay\u0131c\u0131larla EPDM ve SBR Gran\u00fcllerin Birle\u015ftirilmesi:<\/h3>\n\n\n\n<div class=\"wp-block-columns alignfull has-text-color has-background is-layout-flex wp-container-core-columns-is-layout-1 wp-block-columns-is-layout-flex\" style=\"color:#000000;background:linear-gradient(135deg,rgb(255,255,255) 0%,rgb(202,211,221) 66%)\">\n<div class=\"wp-block-column is-layout-flow wp-block-column-is-layout-flow\">\n<h3 class=\"wp-block-heading has-text-align-center\" style=\"font-size:24px;line-height:1.3\"><strong><a href=\"https:\/\/cakirspor.com\/index.php\/sbr-rulo-2\/\">Kaymaz ve Darbeye Dayan\u0131kl\u0131 Zeminler \u2197<\/a><\/strong><\/h3>\n\n\n\n<hr class=\"wp-block-separator has-text-color has-white-color has-alpha-channel-opacity has-white-background-color has-background\"\/>\n\n\n\n<pre class=\"wp-block-verse has-background\" style=\"background:linear-gradient(180deg,rgb(255,255,255) 80%,rgb(169,184,195) 100%)\"><strong>\u0130nstu Binder EPDM ve SBR ba\u011flay\u0131c\u0131lar, \u00f6zellikle spor zeminleri, oyun parklar\u0131 ve end\u00fcstriyel alanlarda s\u0131kl\u0131kla kullan\u0131lan \u00f6nemli bir ba\u011flay\u0131c\u0131 t\u00fcr\u00fcd\u00fcr. Bu ba\u011flay\u0131c\u0131lar, kau\u00e7uk gran\u00fclleri bir araya getirerek dayan\u0131kl\u0131, esnek ve su ge\u00e7irmez y\u00fczeyler olu\u015fturmada kullan\u0131l\u0131r.<\/strong><\/pre>\n\n\n\n<div class=\"wp-block-cover\" style=\"min-height:304px;aspect-ratio:unset;\"><span aria-hidden=\"true\" class=\"wp-block-cover__background has-background-dim-0 has-background-dim\"><\/span><img loading=\"lazy\" decoding=\"async\" width=\"536\" height=\"381\" class=\"wp-block-cover__image-background wp-image-9672\" alt=\"\u0130nstu Binder EPDM ve SBR Ba\u011flay\u0131c\u0131 Hakk\u0131nda Kapsaml\u0131 Bilgi\" src=\"http:\/\/cakirspor.com\/wp-content\/uploads\/2024\/11\/sadasda.png\" data-object-fit=\"cover\" srcset=\"https:\/\/cakirspor.com\/wp-content\/uploads\/2024\/11\/sadasda.png 536w, https:\/\/cakirspor.com\/wp-content\/uploads\/2024\/11\/sadasda-300x213.png 300w\" sizes=\"auto, (max-width: 536px) 100vw, 536px\" \/><div class=\"wp-block-cover__inner-container is-layout-flow wp-block-cover-is-layout-flow\">\n<p class=\"has-text-align-center has-text-color has-large-font-size\" style=\"color:#ffffff47\">www.cakirspor.com<\/p>\n<\/div><\/div>\n\n\n\n<div class=\"wp-block-buttons has-custom-font-size has-small-font-size is-content-justification-center is-layout-flex wp-container-core-buttons-is-layout-1 wp-block-buttons-is-layout-flex\">\n<div class=\"wp-block-button has-custom-width wp-block-button__width-100 is-style-outline is-style-outline--1\"><a class=\"wp-block-button__link has-black-color has-text-color has-background wp-element-button\" href=\"https:\/\/cakirspor.com\/index.php\/epdm-fiyat-listesi\/\" style=\"border-radius:0px;background:linear-gradient(180deg,rgb(255,255,255) 52%,rgb(169,184,195) 83%)\"><strong>EPDM Zemin Kaplama Fiyatlar\u0131  \u0130\u00e7eri\u011fi G\u00f6r\u00fcn<\/strong><\/a><\/div>\n<\/div>\n<\/div>\n\n\n\n<div class=\"wp-block-column has-background is-layout-flow wp-block-column-is-layout-flow\" style=\"background-color:#ffffff00\">\n<h3 class=\"wp-block-heading has-text-align-center\" style=\"font-size:24px;line-height:1.3\"><strong><a href=\"https:\/\/cakirspor.com\/index.php\/poliuretan-sandvic-zemin-kaplama-yeni-nesil-zemin-kaplama\/\">\u0130nstu Binder EPDM ve SBR Ba\u011flay\u0131c\u0131 \u2197<\/a><\/strong><\/h3>\n\n\n\n<hr class=\"wp-block-separator has-text-color has-alpha-channel-opacity has-background\" style=\"background-color:#ffffff00;color:#ffffff00\"\/>\n\n\n\n<pre class=\"wp-block-verse has-background\" style=\"background:linear-gradient(181deg,rgb(255,255,255) 76%,rgb(169,184,195) 100%)\"><strong>\u0130nstu Binder'lar<\/strong>, kimyasal yap\u0131lar\u0131na g\u00f6re <strong>alifatik<\/strong> ve <strong>aromatik<\/strong> olmak \u00fczere ikiye ayr\u0131l\u0131r. Her iki tip de i\u00e7 ve d\u0131\u015f mekan uygulamalar\u0131nda kullan\u0131labilir ancak belirli durumlarda alifatik ya da aromatik ba\u011flay\u0131c\u0131 kulan\u0131lmak zorundad\u0131r EPDM Kau\u00e7uk renklerinde renk solmas\u0131na neden olabilir aromatik pu binder ba\u011flay\u0131c\u0131 <\/pre>\n\n\n\n<div class=\"wp-block-cover is-light\" style=\"min-height:306px;aspect-ratio:unset;\"><span aria-hidden=\"true\" class=\"wp-block-cover__background has-background-dim-0 has-background-dim\"><\/span><img loading=\"lazy\" decoding=\"async\" width=\"1000\" height=\"598\" class=\"wp-block-cover__image-background wp-image-9670\" alt=\"EPDM veya SBR kau\u00e7uk gran\u00fclleri, istenen renkte ve boyutta haz\u0131rlan\u0131r. \u0130nstu Binder'\u0131n iki bile\u015feni (A ve B) ayr\u0131 kaplarda saklan\u0131r.\" src=\"http:\/\/cakirspor.com\/wp-content\/uploads\/2024\/11\/epdm-kaucuk-granul-renkleri-1.jpeg\" data-object-fit=\"cover\" srcset=\"https:\/\/cakirspor.com\/wp-content\/uploads\/2024\/11\/epdm-kaucuk-granul-renkleri-1.jpeg 1000w, https:\/\/cakirspor.com\/wp-content\/uploads\/2024\/11\/epdm-kaucuk-granul-renkleri-1-300x179.jpeg 300w, https:\/\/cakirspor.com\/wp-content\/uploads\/2024\/11\/epdm-kaucuk-granul-renkleri-1-768x459.jpeg 768w, https:\/\/cakirspor.com\/wp-content\/uploads\/2024\/11\/epdm-kaucuk-granul-renkleri-1-184x109.jpeg 184w\" sizes=\"auto, (max-width: 1000px) 100vw, 1000px\" \/><div class=\"wp-block-cover__inner-container is-layout-flow wp-block-cover-is-layout-flow\">\n<p class=\"has-text-align-center has-text-color has-large-font-size\" style=\"color:#ffffffa1\">www.cakirspor.com<\/p>\n<\/div><\/div>\n\n\n\n<div class=\"wp-block-buttons has-custom-font-size has-small-font-size is-layout-flex wp-block-buttons-is-layout-flex\">\n<div class=\"wp-block-button has-custom-width wp-block-button__width-100 is-style-outline is-style-outline--2\"><a class=\"wp-block-button__link has-black-color has-text-color has-background wp-element-button\" href=\"https:\/\/cakirspor.com\/index.php\/epdm\/\" style=\"border-radius:0px;background:linear-gradient(180deg,rgb(255,255,255) 57%,rgb(169,184,195) 78%)\"><strong>EPDM Kau\u00e7uk Renkleri \u0130\u00e7eri\u011fi G\u00f6r\u00fcn<\/strong><\/a><\/div>\n<\/div>\n<\/div>\n\n\n\n<div class=\"wp-block-column is-layout-flow wp-block-column-is-layout-flow\">\n<h3 class=\"wp-block-heading has-text-align-center\" style=\"font-size:24px;line-height:1.3\"><strong><a href=\"https:\/\/cakirspor.com\/index.php\/poliuretan-sprey-sistem-zemin-kaplama\/\">\u0130nstu Binder Nedir?\u2197<\/a><\/strong><\/h3>\n\n\n\n<hr class=\"wp-block-separator has-text-color has-alpha-channel-opacity has-background\" style=\"background-color:#ffffff00;color:#ffffff00\"\/>\n\n\n\n<pre class=\"wp-block-verse has-background\" style=\"background:linear-gradient(178deg,rgb(255,255,255) 73%,rgb(169,184,195) 100%)\"><strong>Aromatik \u0130nstu Binder'lar:<\/strong> Daha h\u0131zl\u0131 k\u00fcrlenme s\u00fcresi ve daha y\u00fcksek mukavemet sunarlar. Kiremit k\u0131rm\u0131z\u0131s\u0131 veya turuncu gibi standart renklerde kullan\u0131lan EPDM kau\u00e7uklarda aromatik \u0130nstu Binder'lar tercih edilebilir.Alifatik \u0130nstu Binder'lar\u0131n UV direnci y\u00fcksek. Pu binder ba\u011flay\u0131c\u0131lard\u0131r. Hayata Spor Kat \u0130yi Sporlar.<\/pre>\n\n\n\n<div class=\"wp-block-cover\" style=\"min-height:306px;aspect-ratio:unset;\"><span aria-hidden=\"true\" class=\"wp-block-cover__background has-background-dim-0 has-background-dim\"><\/span><img loading=\"lazy\" decoding=\"async\" width=\"1080\" height=\"1920\" class=\"wp-block-cover__image-background wp-image-9671\" alt=\"\" src=\"https:\/\/cakirspor.com\/wp-content\/uploads\/2024\/11\/epdm-basketbol-sahasi-2.jpg\" data-object-fit=\"cover\" srcset=\"https:\/\/cakirspor.com\/wp-content\/uploads\/2024\/11\/epdm-basketbol-sahasi-2.jpg 1080w, https:\/\/cakirspor.com\/wp-content\/uploads\/2024\/11\/epdm-basketbol-sahasi-2-169x300.jpg 169w, https:\/\/cakirspor.com\/wp-content\/uploads\/2024\/11\/epdm-basketbol-sahasi-2-576x1024.jpg 576w, https:\/\/cakirspor.com\/wp-content\/uploads\/2024\/11\/epdm-basketbol-sahasi-2-768x1365.jpg 768w, https:\/\/cakirspor.com\/wp-content\/uploads\/2024\/11\/epdm-basketbol-sahasi-2-864x1536.jpg 864w\" sizes=\"auto, (max-width: 1080px) 100vw, 1080px\" \/><div class=\"wp-block-cover__inner-container is-layout-flow wp-block-cover-is-layout-flow\">\n<p class=\"has-text-align-center has-text-color has-large-font-size\" style=\"color:#ffffff5c\">www.cakirspor.com<\/p>\n<\/div><\/div>\n\n\n\n<div class=\"wp-block-buttons is-layout-flex wp-block-buttons-is-layout-flex\">\n<div class=\"wp-block-button has-custom-width wp-block-button__width-100 has-custom-font-size is-style-outline has-small-font-size is-style-outline--3\"><a class=\"wp-block-button__link has-black-color has-text-color has-background wp-element-button\" href=\"https:\/\/cakirspor.com\/index.php\/epdm-zemin-kaplama-sistemleri\/\" style=\"border-radius:0px;background:linear-gradient(180deg,rgb(255,255,255) 46%,rgb(169,184,195) 94%)\"><strong>EPDM Zemin Kaplama Sistemleri \u0130\u00e7eri\u011fi G\u00f6r\u00fcn<\/strong><\/a><\/div>\n<\/div>\n<\/div>\n<\/div>\n\n\n\n<figure class=\"wp-block-pullquote alignfull has-luminous-vivid-orange-color has-text-color has-background has-small-font-size\" style=\"border-width:13px;border-radius:0px;background:radial-gradient(rgb(255,255,255) 49%,rgba(167,195,217,0.77) 77%);font-style:normal;font-weight:200\"><blockquote><p><a href=\"https:\/\/cakirspor.com\/index.php\/ana-sayfa-2\/\"><strong>\u00c7ak\u0131r Spor Zemin Kimyasallar\u0131 Hayata Spor Kat \u0130yi Sporlar <\/strong><\/a><\/p><cite><strong>\u00dcr\u00fcnlerimiz Hakk\u0131nda Daha Fazla Bilgi Almak \u0130ster Misiniz?<\/strong> Bizi arayarak veya e-posta g\u00f6ndererek \u00fcr\u00fcnlerimiz hakk\u0131nda detayl\u0131 bilgi alabilir, fiyat teklifi alabilirsiniz.<br><strong>Telefon:<\/strong> 0544 318 03 08 &#8211; 0555 076 06 47<br><strong>Sabit Telefon:<\/strong> 0312 244 03 08<\/cite><\/blockquote><\/figure>\n","protected":false},"excerpt":{"rendered":"<p>Poli\u00fcretan Ba\u011flay\u0131c\u0131larla EPDM ve SBR Gran\u00fcllerin Birle\u015ftirilmesi &#8211; EPDM ve SBR Gran\u00fcller \u0130\u00e7in \u0130ki Bile\u015fenli Ba\u011flay\u0131c\u0131 Sistemler &#8211; \u00c7ocuk Oyun Alanlar\u0131 \u0130\u00e7in G\u00fcvenli Zemin<\/p>\n","protected":false},"author":1,"featured_media":0,"parent":0,"menu_order":0,"comment_status":"closed","ping_status":"closed","template":"","meta":{"_eb_attr":"","footnotes":""},"class_list":["post-6003","page","type-page","status-publish","hentry"],"_links":{"self":[{"href":"https:\/\/cakirspor.com\/index.php\/wp-json\/wp\/v2\/pages\/6003","targetHints":{"allow":["GET"]}}],"collection":[{"href":"https:\/\/cakirspor.com\/index.php\/wp-json\/wp\/v2\/pages"}],"about":[{"href":"https:\/\/cakirspor.com\/index.php\/wp-json\/wp\/v2\/types\/page"}],"author":[{"embeddable":true,"href":"https:\/\/cakirspor.com\/index.php\/wp-json\/wp\/v2\/users\/1"}],"replies":[{"embeddable":true,"href":"https:\/\/cakirspor.com\/index.php\/wp-json\/wp\/v2\/comments?post=6003"}],"version-history":[{"count":13,"href":"https:\/\/cakirspor.com\/index.php\/wp-json\/wp\/v2\/pages\/6003\/revisions"}],"predecessor-version":[{"id":9737,"href":"https:\/\/cakirspor.com\/index.php\/wp-json\/wp\/v2\/pages\/6003\/revisions\/9737"}],"wp:attachment":[{"href":"https:\/\/cakirspor.com\/index.php\/wp-json\/wp\/v2\/media?parent=6003"}],"curies":[{"name":"wp","href":"https:\/\/api.w.org\/{rel}","templated":true}]}}