{"id":4583,"date":"2023-12-29T22:40:42","date_gmt":"2023-12-29T19:40:42","guid":{"rendered":"https:\/\/cakirspor.com\/?page_id=4583"},"modified":"2024-05-30T03:39:23","modified_gmt":"2024-05-30T00:39:23","slug":"full-poliuretan-sistem-zemin-kaplama","status":"publish","type":"page","link":"https:\/\/cakirspor.com\/index.php\/full-poliuretan-sistem-zemin-kaplama\/","title":{"rendered":"Full Poli\u00fcretan Sistem Zemin Kaplama"},"content":{"rendered":"\n<h5 class=\"wp-block-heading alignfull has-text-align-left has-white-color has-text-color has-background has-small-font-size\" style=\"background:linear-gradient(301deg,rgb(255,255,255) 27%,rgb(255,105,0) 39%);text-transform:capitalize\"><strong>Full PU zemin kaplama, profesyonel atletizm pisti yap\u0131m\u0131 \u00e7ak\u0131r spor hayata spor kat \u0130yi sporlar <\/strong><\/h5>\n\n\n\n<hr class=\"wp-block-separator alignfull has-text-color has-luminous-vivid-orange-color has-alpha-channel-opacity has-luminous-vivid-orange-background-color has-background is-style-wide\"\/>\n\n\n\n<div class=\"wp-block-media-text alignwide has-media-on-the-right is-stacked-on-mobile\" style=\"grid-template-columns:auto 30%\"><div class=\"wp-block-media-text__content\">\n<p><strong>Full PU zemin kaplama, profesyonel atletizm pistlerinde kullan\u0131lan, esnek ve darbe emici bir kaplama malzemesidir.<\/strong> Bu kaplama, \u00fc\u00e7 katmandan olu\u015fmaktad\u0131r. \u0130lk katman, 3 kg\/m2 self leveling PU&#8217;dur. Bu katman, tarakl\u0131 malalar ile e\u015fit bir \u015fekilde yay\u0131l\u0131r. PU ya\u015fken \u00fczerine 2.5 kg\/m2 SBR gran\u00fcl serpilir. Bu katman, yine tarakl\u0131 malalar ile e\u015fit bir \u015fekilde yay\u0131l\u0131r. Bu i\u015flem, bir kez daha tekrarlan\u0131r. Daha sonra, 3 kg\/m2 self leveling PU serpilir. Bu katman, yine tarakl\u0131 malalar ile e\u015fit bir \u015fekilde yay\u0131l\u0131r. PU ya\u015fken \u00fczerine 2.8 kg\/m2 EPDM gran\u00fcl serpilir. Bu katman, yine tarakl\u0131 malalar ile e\u015fit bir \u015fekilde yay\u0131l\u0131r. Ertesi g\u00fcn yap\u0131\u015fmayan EPDM toplan\u0131r ve \u00e7izgiler \u00e7izilir.<\/p>\n\n\n\n<p class=\"has-text-align-right has-luminous-vivid-orange-color has-text-color\"><strong>\u00c7ak\u0131r Spor Hayata Spor Kat \u0130yi Sporlar <\/strong><\/p>\n<\/div><figure class=\"wp-block-media-text__media\"><img loading=\"lazy\" decoding=\"async\" width=\"1024\" height=\"768\" src=\"https:\/\/cakirspor.com\/wp-content\/uploads\/2023\/12\/EPDM-zemin-kaplama-ful-poliuretan-zemin-kaplama-sistemi-1.jpg\" alt=\"\" class=\"wp-image-4638 size-full\" srcset=\"https:\/\/cakirspor.com\/wp-content\/uploads\/2023\/12\/EPDM-zemin-kaplama-ful-poliuretan-zemin-kaplama-sistemi-1.jpg 1024w, https:\/\/cakirspor.com\/wp-content\/uploads\/2023\/12\/EPDM-zemin-kaplama-ful-poliuretan-zemin-kaplama-sistemi-1-300x225.jpg 300w, https:\/\/cakirspor.com\/wp-content\/uploads\/2023\/12\/EPDM-zemin-kaplama-ful-poliuretan-zemin-kaplama-sistemi-1-768x576.jpg 768w\" sizes=\"auto, (max-width: 1024px) 100vw, 1024px\" \/><\/figure><\/div>\n\n\n\n<hr class=\"wp-block-separator alignfull has-text-color has-luminous-vivid-orange-color has-alpha-channel-opacity has-luminous-vivid-orange-background-color has-background is-style-wide\"\/>\n\n\n\n<h5 class=\"wp-block-heading alignfull has-text-align-right has-white-color has-text-color has-background has-small-font-size\" style=\"background:linear-gradient(135deg,rgb(255,255,254) 24%,rgb(255,105,0) 35%);text-transform:capitalize\"><strong>Full PU zemin kaplama, profesyonel atletizm pisti yap\u0131m\u0131 \u00e7ak\u0131r spor hayata spor kat \u0130yi sporlar <\/strong><\/h5>\n\n\n\n<hr class=\"wp-block-separator alignfull has-text-color has-luminous-vivid-orange-color has-alpha-channel-opacity has-luminous-vivid-orange-background-color has-background is-style-wide\"\/>\n\n\n\n<div class=\"wp-block-media-text alignwide is-stacked-on-mobile\" style=\"grid-template-columns:39% auto\"><figure class=\"wp-block-media-text__media\"><img loading=\"lazy\" decoding=\"async\" width=\"850\" height=\"450\" src=\"https:\/\/cakirspor.com\/wp-content\/uploads\/2023\/12\/atletizim-pisti-cizgi-ve-sayilar-1.jpg\" alt=\"\" class=\"wp-image-4639 size-full\" srcset=\"https:\/\/cakirspor.com\/wp-content\/uploads\/2023\/12\/atletizim-pisti-cizgi-ve-sayilar-1.jpg 850w, https:\/\/cakirspor.com\/wp-content\/uploads\/2023\/12\/atletizim-pisti-cizgi-ve-sayilar-1-300x159.jpg 300w, https:\/\/cakirspor.com\/wp-content\/uploads\/2023\/12\/atletizim-pisti-cizgi-ve-sayilar-1-768x407.jpg 768w\" sizes=\"auto, (max-width: 850px) 100vw, 850px\" \/><\/figure><div class=\"wp-block-media-text__content\">\n<h4 class=\"wp-block-heading has-luminous-vivid-orange-color has-text-color\" style=\"font-size:17px;text-transform:capitalize\"><strong>Full PU zemin kaplama, profesyonel atletizm pistlerinde kullan\u0131lmas\u0131n\u0131n bir\u00e7ok nedeni vard\u0131r.<\/strong> Bu nedenlerden baz\u0131lar\u0131 \u015funlard\u0131r<\/h4>\n\n\n\n<p>Esnek ve darbe emici yap\u0131s\u0131 sayesinde sporcular\u0131n yaralanmas\u0131n\u0131 \u00f6nler. Y\u00fcksek ba\u011flay\u0131c\u0131 PU sayesinde uzun y\u0131llar kullan\u0131labilir. IAAF taraf\u0131ndan onayl\u0131d\u0131r. Bu nedenle, uluslararas\u0131 ko\u015fular yap\u0131labilir. Full PU zemin kaplama, profesyonel atletizm pistlerinde kullan\u0131lmas\u0131 gereken, y\u00fcksek performansl\u0131 bir kaplama malzemesidir.<\/p>\n\n\n\n<p class=\"has-text-align-right has-luminous-vivid-orange-color has-text-color\"><strong>\u00c7ak\u0131r Spor Hayata Spor Kat \u0130yi Sporlar <\/strong><\/p>\n<\/div><\/div>\n\n\n\n<hr class=\"wp-block-separator alignfull has-alpha-channel-opacity is-style-wide\"\/>\n\n\n\n<h5 class=\"wp-block-heading alignfull has-text-align-left has-white-color has-text-color has-background has-small-font-size\" style=\"background:linear-gradient(217deg,rgb(254,254,254) 29%,rgb(255,105,0) 45%);text-transform:capitalize\"><strong>Full PU zemin kaplama, profesyonel atletizm pisti yap\u0131m\u0131 \u00e7ak\u0131r spor hayata spor kat \u0130yi sporlar <\/strong><\/h5>\n\n\n\n<div class=\"wp-block-media-text alignwide has-media-on-the-right is-stacked-on-mobile is-vertically-aligned-center\" style=\"grid-template-columns:auto 32%\"><div class=\"wp-block-media-text__content\">\n<h5 class=\"wp-block-heading has-luminous-vivid-orange-color has-text-color\" style=\"text-transform:capitalize\"><strong>Full PU zemin kaplama uygulamas\u0131<\/strong><\/h5>\n\n\n\n<p><strong><br>Full PU zemin kaplama uygulamas\u0131, \u00fc\u00e7 katmandan olu\u015fur.<\/strong> \u0130lk katman, tek bile\u015fenli poli\u00fcretan primerdir. Bu katman, zemini ya\u011f ve tozdan ar\u0131nd\u0131r\u0131r ve poli\u00fcretan katmanlar\u0131n yap\u0131\u015fmas\u0131n\u0131 sa\u011flar. \u0130kinci katman, outdoor self levelling ad\u0131 verilen, iki bile\u015fenli poli\u00fcretan malzemedir. Bu katman, zemine d\u00fcz bir y\u00fczey olu\u015fturur ve \u00fczerine SBR gran\u00fcl serpilmesi i\u00e7in bir altyap\u0131 olu\u015fturur. \u00dc\u00e7\u00fcnc\u00fc katman, yine outdoor self levelling malzemesidir. Bu katman, zemine renk ve kaymazl\u0131k kazand\u0131r\u0131r.<\/p>\n\n\n\n<p><strong>Uygulama s\u0131cakl\u0131\u011f\u0131, poli\u00fcretan malzemenin sertle\u015fme s\u00fcresini etkiler.<\/strong> S\u0131cak ortamlarda sertle\u015fme s\u00fcresi k\u0131sal\u0131r, so\u011fuk ortamlarda ise uzar. Bu nedenle, uygulaman\u0131n 10\u00b0C ile 30\u00b0C aras\u0131ndaki s\u0131cakl\u0131klarda yap\u0131lmas\u0131 tavsiye edilir.<\/p>\n\n\n\n<p class=\"has-text-align-right has-luminous-vivid-orange-color has-text-color\"><strong>\u00c7ak\u0131r Spor Hayata Spor Kat \u0130yi Sporlar <\/strong><\/p>\n<\/div><figure class=\"wp-block-media-text__media\"><img loading=\"lazy\" decoding=\"async\" width=\"572\" height=\"348\" src=\"https:\/\/cakirspor.com\/wp-content\/uploads\/2023\/12\/tartan-atletizim-pisti-sandivic-sistem.png\" alt=\"\" class=\"wp-image-4640 size-full\" srcset=\"https:\/\/cakirspor.com\/wp-content\/uploads\/2023\/12\/tartan-atletizim-pisti-sandivic-sistem.png 572w, https:\/\/cakirspor.com\/wp-content\/uploads\/2023\/12\/tartan-atletizim-pisti-sandivic-sistem-300x183.png 300w\" sizes=\"auto, (max-width: 572px) 100vw, 572px\" \/><\/figure><\/div>\n\n\n\n<hr class=\"wp-block-separator alignfull has-alpha-channel-opacity is-style-wide\"\/>\n\n\n\n<h5 class=\"wp-block-heading alignfull has-text-align-right has-white-color has-text-color has-background has-small-font-size\" style=\"background:linear-gradient(135deg,rgb(255,255,255) 26%,rgb(255,105,0) 41%);text-transform:capitalize\"><strong>Full PU zemin kaplama, profesyonel atletizm pisti yap\u0131m\u0131 \u00e7ak\u0131r spor hayata spor kat \u0130yi sporlar <\/strong><\/h5>\n","protected":false},"excerpt":{"rendered":"<p>Full PU zemin kaplama, profesyonel atletizm pisti yap\u0131m\u0131 \u00e7ak\u0131r spor hayata spor kat \u0130yi sporlar Full PU zemin kaplama, profesyonel atletizm pistlerinde kullan\u0131lan, esnek<\/p>\n","protected":false},"author":1,"featured_media":0,"parent":0,"menu_order":0,"comment_status":"closed","ping_status":"closed","template":"","meta":{"_eb_attr":"","footnotes":""},"class_list":["post-4583","page","type-page","status-publish","hentry"],"_links":{"self":[{"href":"https:\/\/cakirspor.com\/index.php\/wp-json\/wp\/v2\/pages\/4583","targetHints":{"allow":["GET"]}}],"collection":[{"href":"https:\/\/cakirspor.com\/index.php\/wp-json\/wp\/v2\/pages"}],"about":[{"href":"https:\/\/cakirspor.com\/index.php\/wp-json\/wp\/v2\/types\/page"}],"author":[{"embeddable":true,"href":"https:\/\/cakirspor.com\/index.php\/wp-json\/wp\/v2\/users\/1"}],"replies":[{"embeddable":true,"href":"https:\/\/cakirspor.com\/index.php\/wp-json\/wp\/v2\/comments?post=4583"}],"version-history":[{"count":3,"href":"https:\/\/cakirspor.com\/index.php\/wp-json\/wp\/v2\/pages\/4583\/revisions"}],"predecessor-version":[{"id":7720,"href":"https:\/\/cakirspor.com\/index.php\/wp-json\/wp\/v2\/pages\/4583\/revisions\/7720"}],"wp:attachment":[{"href":"https:\/\/cakirspor.com\/index.php\/wp-json\/wp\/v2\/media?parent=4583"}],"curies":[{"name":"wp","href":"https:\/\/api.w.org\/{rel}","templated":true}]}}