{"id":4577,"date":"2023-12-29T22:33:23","date_gmt":"2023-12-29T19:33:23","guid":{"rendered":"https:\/\/cakirspor.com\/?page_id=4577"},"modified":"2025-01-13T23:42:35","modified_gmt":"2025-01-13T20:42:35","slug":"poliuretan-sprey-sistem-zemin-kaplama","status":"publish","type":"page","link":"https:\/\/cakirspor.com\/index.php\/poliuretan-sprey-sistem-zemin-kaplama\/","title":{"rendered":"**Poli\u00fcretan Sprey Sistem Zemin Kaplama **"},"content":{"rendered":"\n<h5 class=\"wp-block-heading alignfull has-text-align-left has-white-color has-text-color has-background has-small-font-size\" style=\"background:linear-gradient(307deg,rgb(255,255,255) 36%,rgb(255,105,0) 43%);font-style:normal;font-weight:800\"><strong>Y\u00fcr\u00fcy\u00fc\u015f Yolu Zemin Kaplama Poli\u00fcretan Sprey Sistem Zemin Kaplama \u00c7ak\u0131r Spor Hayata Spor Kat \u0130yi Sporlar<\/strong><\/h5>\n\n\n\n<hr class=\"wp-block-separator alignfull has-text-color has-luminous-vivid-orange-color has-alpha-channel-opacity has-luminous-vivid-orange-background-color has-background is-style-wide\"\/>\n\n\n\n<figure class=\"wp-block-embed alignright is-type-video is-provider-youtube wp-block-embed-youtube wp-embed-aspect-16-9 wp-has-aspect-ratio\"><div class=\"wp-block-embed__wrapper\">\n<iframe loading=\"lazy\" title=\"EPDM P\u00fcsk\u00fcrtme Sistem Zemin Kap\u015fama\" width=\"715\" height=\"402\" src=\"https:\/\/www.youtube.com\/embed\/LWops-iF_nc?feature=oembed\" frameborder=\"0\" allow=\"accelerometer; autoplay; clipboard-write; encrypted-media; gyroscope; picture-in-picture; web-share\" referrerpolicy=\"strict-origin-when-cross-origin\" allowfullscreen><\/iframe>\n<\/div><figcaption class=\"wp-element-caption\"><strong>Y\u00fcr\u00fcy\u00fc\u015f Yolu Zemin Kaplama Poli\u00fcretan Sprey Sistem Zemin Kaplama \u00c7ak\u0131r Spor Hayata Spor Kat \u0130yi Sporlar<\/strong><\/figcaption><\/figure>\n\n\n\n<ul class=\"wp-block-list\">\n<li>Poli\u00fcretan Sprey Sistem Zemin Kaplama Temizlik<\/li>\n<\/ul>\n\n\n\n<p>Tartan ( EPDM ) kaplama uygulamas\u0131 yap\u0131lacak saha zemini, bas\u0131n\u00e7l\u0131 y\u0131kama makinesi ile toz, kir ve istenmeyen yabanc\u0131 maddelerden ar\u0131nd\u0131r\u0131l\u0131r.<\/p>\n\n\n\n<p>Tartan epdm zemin kaplamas\u0131 yap\u0131lacak zeminlere, tek bile\u015fenli astar uygulan\u0131r. Astar, m\u00b2 ba\u015f\u0131na 150 gram olacak \u015fekilde uygulan\u0131r.<\/p>\n\n\n\n<p>SBR gran\u00fcl, pu binder ba\u011flay\u0131c\u0131 yap\u0131st\u0131r\u0131c\u0131 ile kar\u0131\u015ft\u0131r\u0131l\u0131r. Gran\u00fcl par\u00e7alar\u0131, 1 mm ve 3 mm aras\u0131nda olmal\u0131d\u0131r. Kar\u0131\u015f\u0131m, kar\u0131\u015ft\u0131r\u0131c\u0131 mikserde en az 5 dakika kar\u0131\u015ft\u0131r\u0131larak finisher ile istenilen kal\u0131nl\u0131kta serilir.<\/p>\n\n\n\n<p>Tartan zemine uygulanm\u0131\u015f olan sbr gran\u00fcl\u00fcn \u00fczerine, tekrar ba\u011flay\u0131c\u0131 ve mukavemeti y\u00fcksek olmas\u0131 i\u00e7in tekrar ara kat astar\u0131 uygulanmal\u0131d\u0131r. Ara kat astar, m\u00b2 ba\u015f\u0131na 200 gram olacak \u015fekilde uygulan\u0131r.<\/p>\n\n\n\n<p>\u00d6zel p\u00fcsk\u00fcrtme makinas\u0131 ile 5A ve 4B oran\u0131nda haz\u0131rlanm\u0131\u015f outdoor self levelling, \u00f6zel kimyasallar ve renkli EPDM ile kar\u0131\u015ft\u0131r\u0131larak zemine uygulan\u0131r.<\/p>\n\n\n\n<hr class=\"wp-block-separator alignfull has-text-color has-luminous-vivid-orange-color has-alpha-channel-opacity has-luminous-vivid-orange-background-color has-background is-style-wide\"\/>\n\n\n\n<h5 class=\"wp-block-heading alignfull has-text-align-right has-white-color has-text-color has-background has-small-font-size\" style=\"background:linear-gradient(135deg,rgb(255,255,255) 33%,rgb(255,105,0) 47%)\"><strong>Y\u00fcr\u00fcy\u00fc\u015f Yolu Zemin Kaplama Poli\u00fcretan Sprey Sistem Zemin Kaplama \u00c7ak\u0131r Spor Hayata Spor Kat \u0130yi Sporlar<\/strong><\/h5>\n\n\n\n<hr class=\"wp-block-separator alignfull has-text-color has-luminous-vivid-orange-color has-alpha-channel-opacity has-luminous-vivid-orange-background-color has-background is-style-wide\"\/>\n\n\n\n<div class=\"wp-block-media-text alignwide is-stacked-on-mobile\" style=\"grid-template-columns:24% auto\"><figure class=\"wp-block-media-text__media\"><video controls src=\"https:\/\/cakirspor.com\/wp-content\/uploads\/2023\/12\/SaveInsta.App-Puskurtme-Sistemi-Epdm.mp4\"><\/video><\/figure><div class=\"wp-block-media-text__content\">\n<h5 class=\"wp-block-heading has-luminous-vivid-orange-color has-text-color\">Poli\u00fcretan Sprey Sistem Zemin Kaplama Uygulama A\u015famalar\u0131<\/h5>\n\n\n\n<ul class=\"wp-block-list\">\n<li>Uygulama yap\u0131lacak zemin, d\u00fcz ve sa\u011flam olmal\u0131d\u0131r.<\/li>\n\n\n\n<li>Uygulama yap\u0131lacak zemin, a\u015f\u0131r\u0131 ya\u011f, gres veya kimyasal maddelerden ar\u0131nd\u0131r\u0131lm\u0131\u015f olmal\u0131d\u0131r.<\/li>\n\n\n\n<li>Astarlama i\u015flemi, zemin ile kaplama malzemesi aras\u0131nda iyi bir yap\u0131\u015fma sa\u011flamak i\u00e7in \u00f6nemlidir.<\/li>\n\n\n\n<li>Gran\u00fcl serme i\u015fleminde, gran\u00fcllerin e\u015fit kal\u0131nl\u0131kta serilmesi i\u00e7in dikkat edilmelidir.<\/li>\n\n\n\n<li>Ara kat astar uygulamas\u0131, kaplama malzemesinin mukavemetini art\u0131rmak i\u00e7in \u00f6nemlidir.<\/li>\n\n\n\n<li>\u00dcst kat uygulamas\u0131, kaplaman\u0131n istenilen renk ve g\u00f6r\u00fcn\u00fcme sahip olmas\u0131 i\u00e7in \u00f6nemlidir.<\/li>\n<\/ul>\n\n\n\n<h5 class=\"wp-block-heading has-text-align-right has-luminous-vivid-orange-color has-text-color\"><strong>\u00c7ak\u0131r Spor. Hayata Spor Kat, \u0130yi Sporlar.<\/strong><\/h5>\n<\/div><\/div>\n\n\n\n<hr class=\"wp-block-separator alignfull has-text-color has-luminous-vivid-orange-color has-alpha-channel-opacity has-luminous-vivid-orange-background-color has-background is-style-wide\"\/>\n\n\n\n<h5 class=\"wp-block-heading alignfull has-text-align-left has-white-color has-text-color has-background has-small-font-size\" style=\"background:linear-gradient(293deg,rgb(255,255,255) 33%,rgb(255,105,0) 46%)\"><strong>Y\u00fcr\u00fcy\u00fc\u015f Yolu Zemin Kaplama Poli\u00fcretan Sprey Sistem Zemin Kaplama \u00c7ak\u0131r Spor Hayata Spor Kat \u0130yi Sporlar<\/strong><\/h5>\n\n\n\n<hr class=\"wp-block-separator alignfull has-text-color has-luminous-vivid-orange-color has-alpha-channel-opacity has-luminous-vivid-orange-background-color has-background is-style-wide\"\/>\n\n\n\n<div class=\"wp-block-media-text alignwide has-media-on-the-right is-stacked-on-mobile\" style=\"grid-template-columns:auto 24%\"><div class=\"wp-block-media-text__content\">\n<h5 class=\"wp-block-heading has-luminous-vivid-orange-color has-text-color\">Poli\u00fcretan Sprey Sistem Zemin Kaplama Uygulama Avantajlar\u0131<\/h5>\n\n\n\n<ul class=\"wp-block-list\">\n<li>Tartan epdm zemin kaplama, dayan\u0131kl\u0131 ve uzun \u00f6m\u00fcrl\u00fc bir kaplama malzemesidir.<\/li>\n\n\n\n<li>Esnek yap\u0131s\u0131 sayesinde darbelere kar\u015f\u0131 dayan\u0131kl\u0131d\u0131r.<\/li>\n\n\n\n<li>Kaymaz y\u00fczeye sahiptir.<\/li>\n\n\n\n<li>Kolay temizlenebilir.<\/li>\n\n\n\n<li>\u00c7evre dostu bir malzemedir.<\/li>\n<\/ul>\n\n\n\n<h5 class=\"wp-block-heading has-text-align-right has-luminous-vivid-orange-color has-text-color\"><strong>\u00c7ak\u0131r Spor. Hayata Spor Kat, \u0130yi Sporlar.<\/strong><\/h5>\n<\/div><figure class=\"wp-block-media-text__media\"><img loading=\"lazy\" decoding=\"async\" width=\"1024\" height=\"1017\" src=\"https:\/\/cakirspor.com\/wp-content\/uploads\/2023\/12\/Puskurtme-Sistemi-EPDM-3-1024x1017.jpeg\" alt=\"Y\u00fcr\u00fcy\u00fc\u015f Yolu Zemin Kaplama Poli\u00fcretan Sprey Sistem Zemin Kaplama \u00c7ak\u0131r Spor Hayata Spor Kat \u0130yi Sporlar\" class=\"wp-image-4611 size-full\" srcset=\"https:\/\/cakirspor.com\/wp-content\/uploads\/2023\/12\/Puskurtme-Sistemi-EPDM-3-1024x1017.jpeg 1024w, https:\/\/cakirspor.com\/wp-content\/uploads\/2023\/12\/Puskurtme-Sistemi-EPDM-3-300x298.jpeg 300w, https:\/\/cakirspor.com\/wp-content\/uploads\/2023\/12\/Puskurtme-Sistemi-EPDM-3-150x150.jpeg 150w, https:\/\/cakirspor.com\/wp-content\/uploads\/2023\/12\/Puskurtme-Sistemi-EPDM-3-768x763.jpeg 768w, https:\/\/cakirspor.com\/wp-content\/uploads\/2023\/12\/Puskurtme-Sistemi-EPDM-3-215x215.jpeg 215w, https:\/\/cakirspor.com\/wp-content\/uploads\/2023\/12\/Puskurtme-Sistemi-EPDM-3.jpeg 1079w\" sizes=\"auto, (max-width: 1024px) 100vw, 1024px\" \/><\/figure><\/div>\n\n\n\n<hr class=\"wp-block-separator alignfull has-text-color has-luminous-vivid-orange-color has-alpha-channel-opacity has-luminous-vivid-orange-background-color has-background is-style-wide\"\/>\n\n\n\n<h5 class=\"wp-block-heading alignfull has-text-align-right has-white-color has-text-color has-background has-small-font-size\" style=\"background:linear-gradient(135deg,rgb(248,248,248) 38%,rgb(255,105,0) 54%)\"><strong>Y\u00fcr\u00fcy\u00fc\u015f Yolu Zemin Kaplama Poli\u00fcretan Sprey Sistem Zemin Kaplama \u00c7ak\u0131r Spor Hayata Spor Kat \u0130yi Sporlar<\/strong><\/h5>\n\n\n\n<hr class=\"wp-block-separator alignfull has-text-color has-luminous-vivid-orange-color has-alpha-channel-opacity has-luminous-vivid-orange-background-color has-background is-style-wide\"\/>\n\n\n\n<div class=\"wp-block-media-text alignwide is-stacked-on-mobile\" style=\"grid-template-columns:23% auto\"><figure class=\"wp-block-media-text__media\"><img loading=\"lazy\" decoding=\"async\" width=\"1024\" height=\"1024\" src=\"https:\/\/cakirspor.com\/wp-content\/uploads\/2023\/12\/Puskurtme-Sistemi-EPDM-2-1024x1024.jpeg\" alt=\"\" class=\"wp-image-4613 size-full\" srcset=\"https:\/\/cakirspor.com\/wp-content\/uploads\/2023\/12\/Puskurtme-Sistemi-EPDM-2-1024x1024.jpeg 1024w, https:\/\/cakirspor.com\/wp-content\/uploads\/2023\/12\/Puskurtme-Sistemi-EPDM-2-300x300.jpeg 300w, https:\/\/cakirspor.com\/wp-content\/uploads\/2023\/12\/Puskurtme-Sistemi-EPDM-2-150x150.jpeg 150w, https:\/\/cakirspor.com\/wp-content\/uploads\/2023\/12\/Puskurtme-Sistemi-EPDM-2-768x767.jpeg 768w, https:\/\/cakirspor.com\/wp-content\/uploads\/2023\/12\/Puskurtme-Sistemi-EPDM-2-215x215.jpeg 215w, https:\/\/cakirspor.com\/wp-content\/uploads\/2023\/12\/Puskurtme-Sistemi-EPDM-2.jpeg 1079w\" sizes=\"auto, (max-width: 1024px) 100vw, 1024px\" \/><\/figure><div class=\"wp-block-media-text__content\">\n<h5 class=\"wp-block-heading has-luminous-vivid-orange-color has-text-color\">Poli\u00fcretan Sprey Sistem Zemin Kaplama Uygulama Alanlar\u0131<\/h5>\n\n\n\n<ul class=\"wp-block-list\">\n<li>Spor alanlar\u0131 (atletizm pistleri, ko\u015fu parkurlar\u0131, tenis kortlar\u0131, basketbol sahalar\u0131, vb.)<\/li>\n\n\n\n<li>Oyun alanlar\u0131<\/li>\n\n\n\n<li>Bah\u00e7eler ve teraslar<\/li>\n\n\n\n<li>End\u00fcstriyel alanlar<\/li>\n\n\n\n<li>\u0130\u00e7 mekanlar<\/li>\n<\/ul>\n\n\n\n<p class=\"has-text-align-right has-luminous-vivid-orange-color has-text-color\"><strong>\u00c7ak\u0131r Spor. Hayata Spor Kat, \u0130yi Sporlar.<\/strong><\/p>\n<\/div><\/div>\n\n\n\n<hr class=\"wp-block-separator alignfull has-text-color has-luminous-vivid-orange-color has-alpha-channel-opacity has-luminous-vivid-orange-background-color has-background is-style-wide\"\/>\n\n\n\n<h5 class=\"wp-block-heading alignfull has-text-align-left has-white-color has-text-color has-background has-small-font-size\" style=\"background:linear-gradient(231deg,rgb(254,254,254) 33%,rgb(255,105,0) 63%)\"><strong>Y\u00fcr\u00fcy\u00fc\u015f Yolu Zemin Kaplama Poli\u00fcretan Sprey Sistem Zemin Kaplama \u00c7ak\u0131r Spor Hayata Spor Kat \u0130yi Sporlar<\/strong><\/h5>\n\n\n\n<hr class=\"wp-block-separator alignfull has-text-color has-luminous-vivid-orange-color has-alpha-channel-opacity has-luminous-vivid-orange-background-color has-background is-style-wide\"\/>\n\n\n\n<div class=\"wp-block-cover alignfull is-light has-custom-content-position is-position-top-left\"><span aria-hidden=\"true\" class=\"wp-block-cover__background has-background-dim\"><\/span><img loading=\"lazy\" decoding=\"async\" width=\"1079\" height=\"1078\" class=\"wp-block-cover__image-background wp-image-7416\" alt=\"\" src=\"https:\/\/cakirspor.com\/wp-content\/uploads\/2024\/04\/Puskurtme-Sistemi-EPDM-2.jpeg\" data-object-fit=\"cover\" srcset=\"https:\/\/cakirspor.com\/wp-content\/uploads\/2024\/04\/Puskurtme-Sistemi-EPDM-2.jpeg 1079w, https:\/\/cakirspor.com\/wp-content\/uploads\/2024\/04\/Puskurtme-Sistemi-EPDM-2-300x300.jpeg 300w, https:\/\/cakirspor.com\/wp-content\/uploads\/2024\/04\/Puskurtme-Sistemi-EPDM-2-1024x1024.jpeg 1024w, https:\/\/cakirspor.com\/wp-content\/uploads\/2024\/04\/Puskurtme-Sistemi-EPDM-2-150x150.jpeg 150w, https:\/\/cakirspor.com\/wp-content\/uploads\/2024\/04\/Puskurtme-Sistemi-EPDM-2-768x767.jpeg 768w, https:\/\/cakirspor.com\/wp-content\/uploads\/2024\/04\/Puskurtme-Sistemi-EPDM-2-215x215.jpeg 215w\" sizes=\"auto, (max-width: 1079px) 100vw, 1079px\" \/><div class=\"wp-block-cover__inner-container is-layout-flow wp-block-cover-is-layout-flow\">\n<p class=\"has-text-align-center has-white-color has-text-color has-background has-small-font-size\" style=\"background:linear-gradient(135deg,rgb(253,241,210) 11%,rgb(255,105,0) 24%)\"><strong>EPDM Zemin Kaplama Sistemleri <\/strong><\/p>\n<\/div><\/div>\n\n\n\n<hr class=\"wp-block-separator alignfull has-text-color has-luminous-vivid-orange-color has-alpha-channel-opacity has-luminous-vivid-orange-background-color has-background is-style-wide\"\/>\n\n\n\n<h5 class=\"wp-block-heading alignfull has-text-align-right has-white-color has-text-color has-background has-small-font-size\" style=\"background:linear-gradient(119deg,rgb(254,254,254) 33%,rgb(255,105,0) 63%)\"><strong>Y\u00fcr\u00fcy\u00fc\u015f Yolu Zemin Kaplama Poli\u00fcretan Sprey Sistem Zemin Kaplama \u00c7ak\u0131r Spor Hayata Spor Kat \u0130yi Sporlar<\/strong><\/h5>\n\n\n\n<p><\/p>\n","protected":false},"excerpt":{"rendered":"<p>Y\u00fcr\u00fcy\u00fc\u015f Yolu Zemin Kaplama Poli\u00fcretan Sprey Sistem Zemin Kaplama \u00c7ak\u0131r Spor Hayata Spor Kat \u0130yi Sporlar Tartan ( EPDM ) kaplama uygulamas\u0131 yap\u0131lacak saha<\/p>\n","protected":false},"author":1,"featured_media":0,"parent":0,"menu_order":0,"comment_status":"closed","ping_status":"closed","template":"","meta":{"_eb_attr":"","footnotes":""},"class_list":["post-4577","page","type-page","status-publish","hentry"],"_links":{"self":[{"href":"https:\/\/cakirspor.com\/index.php\/wp-json\/wp\/v2\/pages\/4577","targetHints":{"allow":["GET"]}}],"collection":[{"href":"https:\/\/cakirspor.com\/index.php\/wp-json\/wp\/v2\/pages"}],"about":[{"href":"https:\/\/cakirspor.com\/index.php\/wp-json\/wp\/v2\/types\/page"}],"author":[{"embeddable":true,"href":"https:\/\/cakirspor.com\/index.php\/wp-json\/wp\/v2\/users\/1"}],"replies":[{"embeddable":true,"href":"https:\/\/cakirspor.com\/index.php\/wp-json\/wp\/v2\/comments?post=4577"}],"version-history":[{"count":4,"href":"https:\/\/cakirspor.com\/index.php\/wp-json\/wp\/v2\/pages\/4577\/revisions"}],"predecessor-version":[{"id":7418,"href":"https:\/\/cakirspor.com\/index.php\/wp-json\/wp\/v2\/pages\/4577\/revisions\/7418"}],"wp:attachment":[{"href":"https:\/\/cakirspor.com\/index.php\/wp-json\/wp\/v2\/media?parent=4577"}],"curies":[{"name":"wp","href":"https:\/\/api.w.org\/{rel}","templated":true}]}}