{"id":4026,"date":"2023-12-11T15:32:55","date_gmt":"2023-12-11T12:32:55","guid":{"rendered":"https:\/\/cakirspor.com\/?page_id=4026"},"modified":"2025-03-09T03:29:58","modified_gmt":"2025-03-09T00:29:58","slug":"100x100-blok-kaucuk","status":"publish","type":"page","link":"https:\/\/cakirspor.com\/index.php\/100x100-blok-kaucuk\/","title":{"rendered":"100&#215;100 Blok Kau\u00e7uk"},"content":{"rendered":"\n<h5 class=\"wp-block-heading alignfull has-text-align-center has-text-color has-background has-small-font-size\" style=\"color:#ffffff00;background:linear-gradient(180deg,rgb(255,255,255) 42%,rgb(169,184,195) 100%)\"><strong>Blok Karo Kau\u00e7uk 100 x100 \u00dcretimi \u00c7ak\u0131r Spor Zemin Kaplama Kimyasallar\u0131 ve Spor Ekipmanlar\u0131 Hayata Spor Kat \u0130yi Sporlar <\/strong><\/h5>\n\n\n\n<hr class=\"wp-block-separator alignfull has-text-color has-white-color has-alpha-channel-opacity has-white-background-color has-background is-style-wide\"\/>\n\n\n\n<div class=\"wp-block-media-text alignfull has-media-on-the-right is-stacked-on-mobile is-vertically-aligned-center has-background\" style=\"background:linear-gradient(265deg,rgb(255,255,255) 81%,rgb(169,184,195) 100%);grid-template-columns:auto 18%\"><div class=\"wp-block-media-text__content\">\n<h4 class=\"wp-block-heading has-text-align-center has-vivid-red-color has-text-color\" style=\"font-style:normal;font-weight:200\"><strong>Blok Kau\u00e7uk \u00dcretim A\u015famalar\u0131<\/strong><\/h4>\n\n\n\n<p class=\"has-medium-font-size\">100&#215;100 blok karo kau\u00e7uk, geri d\u00f6n\u00fc\u015ft\u00fcr\u00fclm\u00fc\u015f araba lastiklerinden \u00fcretilen bir zemin kaplama malzemesidir. Bu malzeme, bir\u00e7ok avantaj\u0131 ile bir\u00e7ok alanda kullan\u0131lmaktad\u0131r.<br>100&#215;100 blok karo kau\u00e7uk \u00fcretimi, a\u015fa\u011f\u0131daki a\u015famalardan olu\u015fmaktad\u0131r<br><strong>Geri D\u00f6n\u00fc\u015f\u00fcm:<\/strong> Miyad\u0131 dolmu\u015f araba lastikleri, \u00f6\u011f\u00fct\u00fclerek sbr gran\u00fcle haline getirilir. Sbr gran\u00fcl, kau\u00e7u\u011fun bir t\u00fcr\u00fcd\u00fcr.<br><strong>Kar\u0131\u015f\u0131m:<\/strong> Sbr gran\u00fcl ile renk pigmentleri ve ba\u011flay\u0131c\u0131lar kar\u0131\u015ft\u0131r\u0131l\u0131r. Renk pigmentleri, karolara renk verir. Ba\u011flay\u0131c\u0131lar, karolar\u0131n birbirine yap\u0131\u015fmas\u0131n\u0131 sa\u011flar.<br><strong>Presleme:<\/strong> Kar\u0131\u015f\u0131m, pres makinelerinde kal\u0131plara bas\u0131l\u0131r. Bu i\u015flem, karolar\u0131n \u015feklini ve boyutunu verir.<br><strong>Kalibrasyon:<\/strong> Bas\u0131lan karolar, kalibrasyonlu cihazlarda boyutlar\u0131 kontrol edilir. Bu i\u015flem, karolar\u0131n istenilen boyutlarda olmas\u0131n\u0131 sa\u011flar. <br><strong>Paketleme:<\/strong> Standart boyutlarda paketlenir.<\/p>\n\n\n\n<p class=\"has-text-align-center has-vivid-red-color has-text-color\"><strong>\u00c7ak\u0131r Spor Zemin Kaplama Kimyasallar\u0131 ve Spor Ekipmanlar\u0131 Hayata Spor Kat \u0130yi Sporlar<\/strong><\/p>\n<\/div><figure class=\"wp-block-media-text__media\"><img loading=\"lazy\" decoding=\"async\" width=\"800\" height=\"800\" src=\"https:\/\/cakirspor.com\/wp-content\/uploads\/2023\/12\/Kaucuk-karo-100x100-bolok.jpg\" alt=\"100x100 Blok Kau\u00e7uk \u00dcretimi \u00c7ak\u0131r Spor Hayata Spor Kat \u0130yi Sporlar \" class=\"wp-image-4248 size-full\" srcset=\"https:\/\/cakirspor.com\/wp-content\/uploads\/2023\/12\/Kaucuk-karo-100x100-bolok.jpg 800w, https:\/\/cakirspor.com\/wp-content\/uploads\/2023\/12\/Kaucuk-karo-100x100-bolok-300x300.jpg 300w, https:\/\/cakirspor.com\/wp-content\/uploads\/2023\/12\/Kaucuk-karo-100x100-bolok-150x150.jpg 150w, https:\/\/cakirspor.com\/wp-content\/uploads\/2023\/12\/Kaucuk-karo-100x100-bolok-768x768.jpg 768w, https:\/\/cakirspor.com\/wp-content\/uploads\/2023\/12\/Kaucuk-karo-100x100-bolok-215x215.jpg 215w\" sizes=\"auto, (max-width: 800px) 100vw, 800px\" \/><\/figure><\/div>\n\n\n\n<hr class=\"wp-block-separator alignfull has-text-color has-white-color has-alpha-channel-opacity has-white-background-color has-background is-style-wide\"\/>\n\n\n\n<h5 class=\"wp-block-heading alignfull has-text-align-center has-text-color has-background has-small-font-size\" style=\"color:#ffffff00;background:linear-gradient(180deg,rgb(255,255,255) 38%,rgb(169,184,195) 100%)\"><strong><strong>Blok Karo Kau\u00e7uk \u00dcretimi ve Renkleri<\/strong><\/strong> <strong>\u00c7ak\u0131r Spor Zemin Kaplama Kimyasallar\u0131 ve Spor Ekipmanlar\u0131 Hayata Spor Kat \u0130yi Sporlar <\/strong><\/h5>\n\n\n\n<hr class=\"wp-block-separator alignfull has-text-color has-white-color has-alpha-channel-opacity has-white-background-color has-background is-style-wide\"\/>\n\n\n\n<div class=\"wp-block-media-text alignwide is-stacked-on-mobile has-background\" style=\"background:linear-gradient(91deg,rgb(255,255,255) 63%,rgb(169,184,195) 100%);grid-template-columns:27% auto\"><figure class=\"wp-block-media-text__media\"><img loading=\"lazy\" decoding=\"async\" width=\"800\" height=\"600\" src=\"https:\/\/cakirspor.com\/wp-content\/uploads\/2023\/12\/100x-100-blok-kaucuk-kario.jpg\" alt=\"Blok Kau\u00e7uk 100 x 100 \u00dcretimi Ankara \u00c7ak\u0131r Spor Hayata Spor Kat \u0130yi Sporlar \" class=\"wp-image-4245 size-full\" srcset=\"https:\/\/cakirspor.com\/wp-content\/uploads\/2023\/12\/100x-100-blok-kaucuk-kario.jpg 800w, https:\/\/cakirspor.com\/wp-content\/uploads\/2023\/12\/100x-100-blok-kaucuk-kario-300x225.jpg 300w, https:\/\/cakirspor.com\/wp-content\/uploads\/2023\/12\/100x-100-blok-kaucuk-kario-768x576.jpg 768w\" sizes=\"auto, (max-width: 800px) 100vw, 800px\" \/><\/figure><div class=\"wp-block-media-text__content\">\n<p class=\"has-text-align-center has-vivid-red-color has-text-color\"><strong>100&#215;100 Blok Kau\u00e7uk \u00dcretim Renkleri <\/strong><\/p>\n\n\n\n<p class=\"has-medium-font-size\">100&#215;100 blok karo kau\u00e7uk, farkl\u0131 renk se\u00e7enekleri ile \u00fcretilmektedir. Bu renk se\u00e7enekleri, kullan\u0131m alan\u0131na g\u00f6re se\u00e7ilebilir. \u00d6rne\u011fin, a\u00e7\u0131k alanlarda kullan\u0131lacak karolar i\u00e7in daha a\u00e7\u0131k renkler tercih edilebilir. Kapal\u0131 alanlarda kullan\u0131lacak karolar i\u00e7in ise daha koyu renkler tercih edilebilir.<\/p>\n\n\n\n<p class=\"has-text-align-center has-vivid-red-color has-text-color\"><strong>\u00c7ak\u0131r Spor Zemin Kaplama Kimyasallar\u0131 ve Spor Ekipmanlar\u0131 Hayata Spor Kat \u0130yi Sporlar<\/strong><\/p>\n<\/div><\/div>\n\n\n\n<hr class=\"wp-block-separator alignfull has-text-color has-white-color has-alpha-channel-opacity has-white-background-color has-background is-style-wide\"\/>\n\n\n\n<h5 class=\"wp-block-heading alignfull has-text-align-center has-text-color has-background has-small-font-size\" style=\"color:#ffffff00;background:linear-gradient(180deg,rgb(255,255,255) 41%,rgb(169,184,195) 100%)\"><strong>Blok Karo Kau\u00e7uk \u00dcretimi ve Kullan\u0131m Alanlar\u0131<\/strong>  <strong>\u00c7ak\u0131r Spor Zemin Kaplama Kimyasallar\u0131 ve Spor Ekipmanlar\u0131 Hayata Spor Kat \u0130yi Sporlar <\/strong><\/h5>\n\n\n\n<hr class=\"wp-block-separator alignfull has-text-color has-white-color has-alpha-channel-opacity has-white-background-color has-background is-style-wide\"\/>\n\n\n\n<div class=\"wp-block-media-text alignfull has-media-on-the-right is-stacked-on-mobile is-vertically-aligned-center has-background\" style=\"background:linear-gradient(263deg,rgb(255,255,255) 64%,rgb(169,184,195) 100%);grid-template-columns:auto 20%\"><div class=\"wp-block-media-text__content\">\n<h4 class=\"wp-block-heading has-text-align-center has-vivid-red-color has-text-color\" style=\"font-style:normal;font-weight:200\"><strong>100&#215;100 Blok Kau\u00e7uk \u00dcretimi ve Kullan\u0131m Alanlar\u0131<\/strong><\/h4>\n\n\n\n<p class=\"has-black-color has-text-color has-medium-font-size\">100&#215;100 blok karo kau\u00e7uk, \u00e7ok \u00e7e\u015fitli alanlarda kullan\u0131lmaktad\u0131r. Bu alanlar \u015funlard\u0131r<br><strong>A\u00e7\u0131k ve kapal\u0131 \u00e7ocuk oyun alanlar\u0131:<\/strong>&nbsp;\u00c7ocuklar\u0131n g\u00fcvenli\u011fi i\u00e7in ideal bir zemin kaplama malzemesidir. Darbe emici \u00f6zelli\u011fi ile d\u00fc\u015fme ve \u00e7arpma gibi durumlarda yaralanmalar\u0131n \u00f6nlenmesine yard\u0131mc\u0131 olur.<br><strong>Spor sahalar\u0131:<\/strong>&nbsp;Sporcular i\u00e7in g\u00fcvenli ve rahat bir zemin sa\u011flar. Darbe emici \u00f6zelli\u011fi ile sakatlanma riskini azalt\u0131r.<br><strong>Fabrikalar ve \u00fcretim tesisleri:<\/strong>&nbsp;\u0130\u015f g\u00fcvenli\u011fi i\u00e7in ideal bir zemin kaplama malzemesidir. Kaymaz \u00f6zelli\u011fi ile \u00f6zellikle \u0131slak zeminlerde g\u00fcvenli\u011fi sa\u011flar.<br><strong>Depo ve ambar alanlar\u0131:<\/strong>&nbsp;Depolanan malzemelerin korunmas\u0131 i\u00e7in ideal bir zemin kaplama malzemesidir. Darbe emici \u00f6zelli\u011fi ile malzemelerin zarar g\u00f6rmesini \u00f6nler.<br><strong>Park ve bah\u00e7eler:<\/strong>&nbsp;Estetik ve i\u015flevsel bir zemin kaplama malzemesidir. Kaymaz \u00f6zelli\u011fi ile \u00f6zellikle \u0131slak zeminlerde g\u00fcvenli\u011fi sa\u011flar.<br><strong>Balkon ve teraslar:<\/strong>&nbsp;Estetik ve dayan\u0131kl\u0131 bir zemin kaplama malzemesidir.<\/p>\n\n\n\n<p class=\"has-text-align-center has-vivid-red-color has-text-color\"><strong>\u00c7ak\u0131r Spor Zemin Kaplama Kimyasallar\u0131 ve Spor Ekipmanlar\u0131 Hayata Spor Kat \u0130yi Sporlar<\/strong><\/p>\n<\/div><figure class=\"wp-block-media-text__media\"><img loading=\"lazy\" decoding=\"async\" width=\"225\" height=\"225\" src=\"https:\/\/cakirspor.com\/wp-content\/uploads\/2023\/12\/100x100-blok-karo-kaucuk-Cakir-Spor.jpeg\" alt=\"100x100 Blok Kau\u00e7uk \u00dcretimi \u00c7ak\u0131r Spor Hayata Spor Kat \u0130yi Sporlar \" class=\"wp-image-4246 size-full\" srcset=\"https:\/\/cakirspor.com\/wp-content\/uploads\/2023\/12\/100x100-blok-karo-kaucuk-Cakir-Spor.jpeg 225w, https:\/\/cakirspor.com\/wp-content\/uploads\/2023\/12\/100x100-blok-karo-kaucuk-Cakir-Spor-150x150.jpeg 150w, https:\/\/cakirspor.com\/wp-content\/uploads\/2023\/12\/100x100-blok-karo-kaucuk-Cakir-Spor-215x215.jpeg 215w\" sizes=\"auto, (max-width: 225px) 100vw, 225px\" \/><\/figure><\/div>\n\n\n\n<hr class=\"wp-block-separator alignfull has-text-color has-white-color has-alpha-channel-opacity has-white-background-color has-background is-style-wide\"\/>\n\n\n\n<h5 class=\"wp-block-heading alignfull has-text-align-center has-text-color has-background has-small-font-size\" style=\"color:#ffffff00;background:linear-gradient(180deg,rgb(255,255,255) 42%,rgb(169,184,195) 100%)\"><strong>100&#215;100 Blok Kau\u00e7uk \u00dcretimi ve Fiyatlar\u0131 ve Avantajlar\u0131 \u00c7ak\u0131r Spor Zemin Kaplama Kimyasallar\u0131 ve Spor Ekipmanlar\u0131 Hayata Spor Kat \u0130yi Sporlar <\/strong><\/h5>\n\n\n\n<hr class=\"wp-block-separator alignfull has-text-color has-white-color has-alpha-channel-opacity has-white-background-color has-background is-style-wide\"\/>\n\n\n\n<div class=\"wp-block-media-text alignwide is-stacked-on-mobile is-vertically-aligned-center has-background\" style=\"background:linear-gradient(98deg,rgb(254,254,254) 58%,rgb(169,184,195) 100%);grid-template-columns:29% auto\"><figure class=\"wp-block-media-text__media\"><img loading=\"lazy\" decoding=\"async\" width=\"800\" height=\"800\" src=\"https:\/\/cakirspor.com\/wp-content\/uploads\/2023\/12\/kaucuk-karo-100x100-cakir-spor-hayata-spor-kat-1.jpg\" alt=\"100x100 Blok Kau\u00e7uk \u00dcretimi \u00c7ak\u0131r Spor Hayata Spor Kat \u0130yi Sporlar \" class=\"wp-image-4247 size-full\" srcset=\"https:\/\/cakirspor.com\/wp-content\/uploads\/2023\/12\/kaucuk-karo-100x100-cakir-spor-hayata-spor-kat-1.jpg 800w, https:\/\/cakirspor.com\/wp-content\/uploads\/2023\/12\/kaucuk-karo-100x100-cakir-spor-hayata-spor-kat-1-300x300.jpg 300w, https:\/\/cakirspor.com\/wp-content\/uploads\/2023\/12\/kaucuk-karo-100x100-cakir-spor-hayata-spor-kat-1-150x150.jpg 150w, https:\/\/cakirspor.com\/wp-content\/uploads\/2023\/12\/kaucuk-karo-100x100-cakir-spor-hayata-spor-kat-1-768x768.jpg 768w, https:\/\/cakirspor.com\/wp-content\/uploads\/2023\/12\/kaucuk-karo-100x100-cakir-spor-hayata-spor-kat-1-215x215.jpg 215w\" sizes=\"auto, (max-width: 800px) 100vw, 800px\" \/><\/figure><div class=\"wp-block-media-text__content\">\n<h5 class=\"wp-block-heading alignwide has-text-align-center has-vivid-red-color has-text-color\" style=\"font-style:normal;font-weight:200\"><strong>100&#215;100 Blok Kau\u00e7uk \u00dcretimi ve Fiyatlar\u0131 ve Avantajlar\u0131<\/strong><\/h5>\n\n\n\n<p class=\"has-black-color has-text-color has-medium-font-size\">100&#215;100 blok karo kau\u00e7u\u011fun bir\u00e7ok avantaj\u0131 bulunmaktad\u0131r. Bu avantajlar \u015funlard\u0131r:<\/p>\n\n\n\n<p class=\"has-medium-font-size\"><strong>Darbe emicidir.<\/strong>\u00a0Bu \u00f6zelli\u011fi ile d\u00fc\u015fme ve \u00e7arpma gibi durumlarda yaralanmalar\u0131n \u00f6nlenmesine yard\u0131mc\u0131 olur. <br><strong>Kaymazd\u0131r.<\/strong>\u00a0Bu \u00f6zelli\u011fi ile \u00f6zellikle \u0131slak zeminlerde g\u00fcvenli\u011fi sa\u011flar.<br><strong>Esnektir.<\/strong>\u00a0Bu \u00f6zelli\u011fi ile darbelere kar\u015f\u0131 dayan\u0131kl\u0131d\u0131r.<br><strong>Ses yal\u0131t\u0131m \u00f6zelli\u011fine sahiptir.<\/strong>\u00a0Bu \u00f6zelli\u011fi ile g\u00fcr\u00fclt\u00fc kirlili\u011finin \u00f6nlenmesine yard\u0131mc\u0131 olur.<br><strong>Antibakteriyeldir.<\/strong>\u00a0Bu \u00f6zelli\u011fi ile bakteri ve mikroplar\u0131n olu\u015fumunu engeller.<br><strong>Uzun \u00f6m\u00fcrl\u00fcd\u00fcr.<\/strong>\u00a0Bu \u00f6zelli\u011fi ile bak\u0131m ve onar\u0131m gerektirmeden uzun y\u0131llar kullan\u0131labilir.<\/p>\n\n\n\n<p class=\"has-text-align-center has-vivid-red-color has-text-color\"><strong>\u00c7ak\u0131r Spor Zemin Kaplama Kimyasallar\u0131 ve Spor Ekipmanlar\u0131 Hayata Spor Kat \u0130yi Sporlar<\/strong><\/p>\n<\/div><\/div>\n\n\n\n<hr class=\"wp-block-separator alignfull has-text-color has-white-color has-alpha-channel-opacity has-white-background-color has-background is-style-wide\"\/>\n\n\n\n<h5 class=\"wp-block-heading alignfull has-text-align-center has-text-color has-background has-small-font-size\" style=\"color:#ffffff00;background:linear-gradient(180deg,rgb(255,255,255) 38%,rgb(169,184,195) 100%)\"><strong>100&#215;100 Blok Kau\u00e7uk \u00dcretimi ve Fiyatlar\u0131 ve Avantajlar\u0131 \u00c7ak\u0131r Spor Zemin Kaplama Kimyasallar\u0131 ve Spor Ekipmanlar\u0131 Hayata Spor Kat \u0130yi Sporlar <\/strong><\/h5>\n\n\n\n<hr class=\"wp-block-separator alignfull has-text-color has-white-color has-alpha-channel-opacity has-white-background-color has-background is-style-wide\"\/>\n\n\n\n<div class=\"wp-block-media-text alignfull has-media-on-the-right is-stacked-on-mobile is-vertically-aligned-center has-background\" style=\"background:linear-gradient(256deg,rgb(255,255,255) 42%,rgb(169,184,195) 100%);grid-template-columns:auto 15%\"><div class=\"wp-block-media-text__content\">\n<h4 class=\"wp-block-heading has-text-align-center has-vivid-red-color has-text-color\" style=\"font-style:normal;font-weight:200\"><strong>100&#215;100 Blok Kau\u00e7uk \u00dcretimi ve Fiyatlar\u0131 ve Avantajlar\u0131<\/strong><\/h4>\n\n\n\n<p class=\"has-black-color has-text-color has-medium-font-size\">100&#215;100 blok karo kau\u00e7uk fiyatlar\u0131, kullan\u0131lan malzemenin kalitesine, kal\u0131nl\u0131\u011f\u0131na ve boyutlar\u0131na g\u00f6re de\u011fi\u015fmektedir. Genel olarak, kal\u0131nl\u0131\u011f\u0131 artt\u0131k\u00e7a ve boyutlar\u0131 b\u00fcy\u00fcd\u00fck\u00e7e fiyatlar da artmaktad\u0131r.<\/p>\n\n\n\n<p class=\"has-text-align-center has-vivid-red-color has-text-color\"><strong>\u00c7ak\u0131r Spor Zemin Kaplama Kimyasallar\u0131 ve Spor Ekipmanlar\u0131 Hayata Spor Kat \u0130yi Sporlar<\/strong><\/p>\n<\/div><figure class=\"wp-block-media-text__media\"><img loading=\"lazy\" decoding=\"async\" width=\"800\" height=\"800\" src=\"https:\/\/cakirspor.com\/wp-content\/uploads\/2023\/12\/kaucuk-karo-100x100-cakir-spor-hayata-spor-kat-1.jpg\" alt=\"100x100 Blok Kau\u00e7uk \u00dcretimi \u00c7ak\u0131r Spor Hayata Spor Kat \u0130yi Sporlar \" class=\"wp-image-4247 size-full\" srcset=\"https:\/\/cakirspor.com\/wp-content\/uploads\/2023\/12\/kaucuk-karo-100x100-cakir-spor-hayata-spor-kat-1.jpg 800w, https:\/\/cakirspor.com\/wp-content\/uploads\/2023\/12\/kaucuk-karo-100x100-cakir-spor-hayata-spor-kat-1-300x300.jpg 300w, https:\/\/cakirspor.com\/wp-content\/uploads\/2023\/12\/kaucuk-karo-100x100-cakir-spor-hayata-spor-kat-1-150x150.jpg 150w, https:\/\/cakirspor.com\/wp-content\/uploads\/2023\/12\/kaucuk-karo-100x100-cakir-spor-hayata-spor-kat-1-768x768.jpg 768w, https:\/\/cakirspor.com\/wp-content\/uploads\/2023\/12\/kaucuk-karo-100x100-cakir-spor-hayata-spor-kat-1-215x215.jpg 215w\" sizes=\"auto, (max-width: 800px) 100vw, 800px\" \/><\/figure><\/div>\n\n\n\n<hr class=\"wp-block-separator alignfull has-text-color has-alpha-channel-opacity has-background is-style-wide\" style=\"background-color:#ffffff00;color:#ffffff00\"\/>\n\n\n\n<h5 class=\"wp-block-heading alignfull has-text-align-center has-white-color has-text-color has-background has-small-font-size\" style=\"background:linear-gradient(36deg,rgb(249,249,248) 12%,rgb(255,105,0) 23%)\"><strong>100 x 100 Blok Karo Kau\u00e7uk Hakk\u0131nda S\u0131k\u00e7a Sorulan Sorular<\/strong> <strong>\u00c7ak\u0131r Spor Zemin Kaplama Kimyasallar\u0131 ve Spor Ekipmanlar\u0131 Hayata Spor Kat \u0130yi Sporlar <\/strong><\/h5>\n\n\n\n<hr class=\"wp-block-separator alignfull has-text-color has-luminous-vivid-orange-color has-alpha-channel-opacity has-luminous-vivid-orange-background-color has-background is-style-wide\"\/>\n\n\n<div ><style>#sp-ea-4250 .spcollapsing { height: 0; overflow: hidden; transition-property: height;transition-duration: 300ms;}#sp-ea-4250.sp-easy-accordion>.sp-ea-single {margin-bottom: 10px; border: 1px solid #e2e2e2; }#sp-ea-4250.sp-easy-accordion>.sp-ea-single>.ea-header a {color: #444;}#sp-ea-4250.sp-easy-accordion>.sp-ea-single>.sp-collapse>.ea-body {background: #ea6d00; color: #444;}#sp-ea-4250.sp-easy-accordion>.sp-ea-single {background: rgba(255,255,255,0);}#sp-ea-4250.sp-easy-accordion>.sp-ea-single>.ea-header a .ea-expand-icon { float: left; color: #e06100;font-size: 16px;}<\/style><div id=\"sp_easy_accordion-1703196846\">\n<div id=\"sp-ea-4250\" class=\"sp-ea-one sp-easy-accordion\" data-ea-active=\"ea-hover\" data-ea-mode=\"vertical\" data-preloader=\"\" data-scroll-active-item=\"\" data-offset-to-scroll=\"0\">\n\n<!-- Start accordion card div. -->\n<div class=\"ea-card  sp-ea-single\">\n\t<!-- Start accordion header. -->\n\t<h3 class=\"ea-header\">\n\t\t<!-- Add anchor tag for header. -->\n\t\t<a class=\"collapsed\" id=\"ea-header-42500\" role=\"button\" data-sptoggle=\"spcollapse\" data-sptarget=\"#collapse42500\" aria-controls=\"collapse42500\" href=\"#\"  aria-expanded=\"false\" tabindex=\"0\">\n\t\t<i aria-hidden=\"true\" role=\"presentation\" class=\"ea-expand-icon eap-icon-ea-expand-plus\"><\/i>  100&#215;100 blok kau\u00e7uk karo nedir?\t\t<\/a> <!-- Close anchor tag for header. -->\n\t<\/h3>\t<!-- Close header tag. -->\n\t<!-- Start collapsible content div. -->\n\t<div class=\"sp-collapse spcollapse spcollapse\" id=\"collapse42500\" data-parent=\"#sp-ea-4250\" role=\"region\" aria-labelledby=\"ea-header-42500\">  <!-- Content div. -->\n\t\t<div class=\"ea-body\">\n\t\t<p><span style=\"color: #ffffff\">Bir\u00e7ok alanda kullan\u0131lan 100&#215;100 blok kau\u00e7uk karo, zemin kaplama malzemesi olarak geri d\u00f6n\u00fc\u015ft\u00fcr\u00fclm\u00fc\u015f araba lastiklerinden \u00fcretilmektedir.<\/span><\/p>\n\t\t<\/div> <!-- Close content div. -->\n\t<\/div> <!-- Close collapse div. -->\n<\/div> <!-- Close card div. -->\n<!-- Start accordion card div. -->\n<div class=\"ea-card  sp-ea-single\">\n\t<!-- Start accordion header. -->\n\t<h3 class=\"ea-header\">\n\t\t<!-- Add anchor tag for header. -->\n\t\t<a class=\"collapsed\" id=\"ea-header-42501\" role=\"button\" data-sptoggle=\"spcollapse\" data-sptarget=\"#collapse42501\" aria-controls=\"collapse42501\" href=\"#\"  aria-expanded=\"false\" tabindex=\"0\">\n\t\t<i aria-hidden=\"true\" role=\"presentation\" class=\"ea-expand-icon eap-icon-ea-expand-plus\"><\/i> 100&#215;100 blok kau\u00e7uk karonun avantajlar\u0131 nelerdir?\t\t<\/a> <!-- Close anchor tag for header. -->\n\t<\/h3>\t<!-- Close header tag. -->\n\t<!-- Start collapsible content div. -->\n\t<div class=\"sp-collapse spcollapse spcollapse\" id=\"collapse42501\" data-parent=\"#sp-ea-4250\" role=\"region\" aria-labelledby=\"ea-header-42501\">  <!-- Content div. -->\n\t\t<div class=\"ea-body\">\n\t\t<p><span style=\"color: #ffffff\"><strong>G\u00fcvenlik:<\/strong> 100&#215;100 blok kau\u00e7uk karo, darbe emici \u00f6zelli\u011fi sayesinde d\u00fc\u015fme ve \u00e7arpma gibi durumlarda yaralanmalar\u0131n \u00f6nlenmesine yard\u0131mc\u0131 olur. Bu, \u00f6zellikle \u00e7ocuklu aileler, spor salonlar\u0131 ve \u00fcretim tesisleri gibi g\u00fcvenli\u011fin \u00f6n planda oldu\u011fu yerlerde \u00f6nemli bir avantajd\u0131r.<\/span><br \/>\n<span style=\"color: #ffffff\"><strong>Dayan\u0131kl\u0131l\u0131k:<\/strong> 100&#215;100 blok kau\u00e7uk karo, esnek yap\u0131s\u0131 sayesinde darbelere kar\u015f\u0131 dayan\u0131kl\u0131d\u0131r. Bu, \u00f6zellikle a\u011f\u0131r y\u00fcklerin ta\u015f\u0131nd\u0131\u011f\u0131 veya d\u00fc\u015fme riskinin y\u00fcksek oldu\u011fu yerlerde \u00f6nemli bir avantajd\u0131r.<\/span><br \/>\n<span style=\"color: #ffffff\"><strong>Ses yal\u0131t\u0131m\u0131:<\/strong> 100&#215;100 blok kau\u00e7uk karo, ses yal\u0131t\u0131m \u00f6zelli\u011fine sahiptir. Bu, \u00f6zellikle g\u00fcr\u00fclt\u00fc kirlili\u011finin \u00f6nlenmesi gerekti\u011finde \u00f6nemli bir avantajd\u0131r. \u00d6rne\u011fin, \u00e7ocuklu aileler i\u00e7in yatak odas\u0131 veya oyun odas\u0131 gibi yerlerde veya ofisler ve fabrikalar gibi g\u00fcr\u00fclt\u00fcl\u00fc ortamlarda kullan\u0131labilir.<\/span><br \/>\n<span style=\"color: #ffffff\"><strong>Antibakteriyellik:<\/strong> 100&#215;100 blok kau\u00e7uk karo, antibakteriyeldir. Bu, bakteri ve mikroplar\u0131n olu\u015fumunu engeller. Bu, \u00f6zellikle hijyenin \u00f6nemli oldu\u011fu yerlerde \u00f6nemli bir avantajd\u0131r. \u00d6rne\u011fin, hastaneler, g\u0131da i\u015fletmeleri ve spor salonlar\u0131 gibi yerlerde kullan\u0131labilir.<\/span><br \/>\n<span style=\"color: #ffffff\"><strong>Uzun \u00f6m\u00fcrl\u00fcl\u00fck:<\/strong> 100&#215;100 blok kau\u00e7uk karo, uzun \u00f6m\u00fcrl\u00fcd\u00fcr. Bu, bak\u0131m ve onar\u0131m gerektirmeden uzun y\u0131llar kullan\u0131labilir. Bu, \u00f6zellikle maliyet tasarrufu sa\u011flamak isteyenler i\u00e7in \u00f6nemli bir avantajd\u0131r.<\/span><\/p>\n\t\t<\/div> <!-- Close content div. -->\n\t<\/div> <!-- Close collapse div. -->\n<\/div> <!-- Close card div. -->\n<\/div>\n<\/div>\n<\/div>\n\n\n<hr class=\"wp-block-separator alignfull has-text-color has-luminous-vivid-orange-color has-alpha-channel-opacity has-luminous-vivid-orange-background-color has-background is-style-wide\"\/>\n\n\n\n<h5 class=\"wp-block-heading alignfull has-text-align-center has-white-color has-text-color has-background has-small-font-size\" style=\"background:linear-gradient(243deg,rgb(249,249,248) 13%,rgb(255,105,0) 24%)\"><strong>100 x 100 Blok Karo Kau\u00e7uk Hakk\u0131nda S\u0131k\u00e7a Sorulan Sorular<\/strong> <strong>\u00c7ak\u0131r Spor Zemin Kaplama Kimyasallar\u0131 ve Spor Ekipmanlar\u0131 Hayata Spor Kat \u0130yi Sporlar <\/strong><\/h5>\n\n\n\n<hr class=\"wp-block-separator alignfull has-text-color has-luminous-vivid-orange-color has-alpha-channel-opacity has-luminous-vivid-orange-background-color has-background is-style-wide\"\/>\n\n\n\n<div class=\"wp-block-cover alignfull is-light has-parallax is-repeated has-custom-content-position is-position-top-left\"><span aria-hidden=\"true\" class=\"wp-block-cover__background has-background-dim\"><\/span><div class=\"wp-block-cover__image-background wp-image-5458 has-parallax is-repeated\" style=\"background-position:49% 0%;background-image:url(https:\/\/cakirspor.com\/wp-content\/uploads\/2024\/01\/karo-kaucuk-gri.png)\"><\/div><div class=\"wp-block-cover__inner-container is-layout-flow wp-block-cover-is-layout-flow\">\n<p class=\"has-text-align-center has-white-color has-text-color has-background has-small-font-size\" style=\"background:linear-gradient(135deg,rgb(255,255,254) 11%,rgb(255,105,0) 18%)\"><strong>100 x 100 Blok Karo Kau\u00e7uk \u00c7ak\u0131r Spor \u0130yi Sporlar. <\/strong><\/p>\n<\/div><\/div>\n\n\n\n<hr class=\"wp-block-separator alignfull has-text-color has-luminous-vivid-orange-color has-alpha-channel-opacity has-luminous-vivid-orange-background-color has-background is-style-wide\"\/>\n\n\n\n<h5 class=\"wp-block-heading alignfull has-text-align-center has-white-color has-text-color has-background has-small-font-size\" style=\"background:linear-gradient(143deg,rgb(249,249,248) 16%,rgb(255,105,0) 24%)\"><strong>100 x 100 Blok Karo Kau\u00e7uk Hakk\u0131nda S\u0131k\u00e7a Sorulan Sorular<\/strong> <strong>\u00c7ak\u0131r Spor Zemin Kaplama Kimyasallar\u0131 ve Spor Ekipmanlar\u0131 Hayata Spor Kat \u0130yi Sporlar <\/strong><\/h5>\n\n\n\n<hr class=\"wp-block-separator alignfull has-text-color has-luminous-vivid-orange-color has-alpha-channel-opacity has-luminous-vivid-orange-background-color has-background is-style-wide\"\/>\n","protected":false},"excerpt":{"rendered":"<p>Blok Karo Kau\u00e7uk 100 x100 \u00dcretimi \u00c7ak\u0131r Spor Zemin Kaplama Kimyasallar\u0131 ve Spor Ekipmanlar\u0131 Hayata Spor Kat \u0130yi Sporlar Blok Kau\u00e7uk \u00dcretim A\u015famalar\u0131 100&#215;100<\/p>\n","protected":false},"author":1,"featured_media":0,"parent":0,"menu_order":0,"comment_status":"closed","ping_status":"closed","template":"","meta":{"_eb_attr":"","footnotes":""},"class_list":["post-4026","page","type-page","status-publish","hentry"],"_links":{"self":[{"href":"https:\/\/cakirspor.com\/index.php\/wp-json\/wp\/v2\/pages\/4026","targetHints":{"allow":["GET"]}}],"collection":[{"href":"https:\/\/cakirspor.com\/index.php\/wp-json\/wp\/v2\/pages"}],"about":[{"href":"https:\/\/cakirspor.com\/index.php\/wp-json\/wp\/v2\/types\/page"}],"author":[{"embeddable":true,"href":"https:\/\/cakirspor.com\/index.php\/wp-json\/wp\/v2\/users\/1"}],"replies":[{"embeddable":true,"href":"https:\/\/cakirspor.com\/index.php\/wp-json\/wp\/v2\/comments?post=4026"}],"version-history":[{"count":9,"href":"https:\/\/cakirspor.com\/index.php\/wp-json\/wp\/v2\/pages\/4026\/revisions"}],"predecessor-version":[{"id":12983,"href":"https:\/\/cakirspor.com\/index.php\/wp-json\/wp\/v2\/pages\/4026\/revisions\/12983"}],"wp:attachment":[{"href":"https:\/\/cakirspor.com\/index.php\/wp-json\/wp\/v2\/media?parent=4026"}],"curies":[{"name":"wp","href":"https:\/\/api.w.org\/{rel}","templated":true}]}}