{"id":2040,"date":"2023-09-19T01:59:02","date_gmt":"2023-09-18T22:59:02","guid":{"rendered":"https:\/\/cakirspor.com\/?page_id=2040"},"modified":"2024-12-28T02:27:18","modified_gmt":"2024-12-27T23:27:18","slug":"basketbol-potasi-fiyatlari","status":"publish","type":"page","link":"https:\/\/cakirspor.com\/index.php\/basketbol-potasi-fiyatlari\/","title":{"rendered":"Basketbol Potas\u0131 Fiyatlar\u0131"},"content":{"rendered":"\n<h3 class=\"wp-block-heading alignfull has-text-color has-background has-small-font-size\" style=\"color:#ffffff00;background:linear-gradient(180deg,rgb(255,255,255) 46%,rgb(169,184,195) 100%)\">Okul Tipi Basketbol Potas\u0131:Fiyat aral\u0131\u011f\u0131: &#8211; Bah\u00e7e Tipi Basketbol Potas\u0131: Diyat Aral\u0131\u011f\u0131 &#8211; Duvara Monte Basketbol Potas\u0131: Fiyat Aral\u0131klar\u0131 &#8211; Profesyonel Basketbol Potas\u0131: Fiyat Aral\u0131\u011f\u0131 &#8211;  Ayakl\u0131 Basketbol Potas\u0131 Fiyat Aral\u0131\u011f\u0131 &#8211; Spor Salonlar\u0131 \u0130\u00e7in \u0130deal: Profesyonel Basketbol Potalar\u0131 &#8211; Ta\u015f\u0131nabilir ve Pratik: Ayakl\u0131 Basketbol Potalar\u0131 <\/h3>\n\n\n\n<figure class=\"wp-block-table alignfull is-style-stripes\"><table class=\"has-black-color has-text-color has-background\" style=\"background:linear-gradient(180deg,rgb(255,255,255) 0%,rgb(169,184,195) 11%)\"><thead><tr><th class=\"has-text-align-center\" data-align=\"center\">Potalar\u0131n T\u00fcr\u00fc<\/th><th class=\"has-text-align-center\" data-align=\"center\">\u00d6zellikler<\/th><th class=\"has-text-align-center\" data-align=\"center\">Fiyat Aral\u0131\u011f\u0131<\/th><th class=\"has-text-align-center\" data-align=\"center\">Kullan\u0131m Alanlar\u0131<\/th><\/tr><\/thead><tbody><tr><td class=\"has-text-align-center\" data-align=\"center\"><strong>Ev Kullan\u0131m\u0131 Basketbol Potas\u0131<\/strong><\/td><td class=\"has-text-align-center\" data-align=\"center\">K\u00fc\u00e7\u00fck boyutlu, hafif, duvara monte veya ayakl\u0131, genellikle plastik ve metal malzemelerden \u00fcretilir.<\/td><td class=\"has-text-align-center\" data-align=\"center\"><\/td><td class=\"has-text-align-center\" data-align=\"center\">Ev i\u00e7i kullan\u0131m, \u00e7ocuk odalar\u0131<\/td><\/tr><tr><td class=\"has-text-align-center\" data-align=\"center\"><strong>Bah\u00e7e Kullan\u0131m\u0131 Basketbol Potas\u0131<\/strong><\/td><td class=\"has-text-align-center\" data-align=\"center\">Daha dayan\u0131kl\u0131 malzemelerden (metal, \u00e7elik) \u00fcretilir, ayarlanabilir y\u00fcksekli\u011fe sahip olabilir.<\/td><td class=\"has-text-align-center\" data-align=\"center\"><strong>13,000 TL &#8211; 22,000 TL <\/strong><\/td><td class=\"has-text-align-center\" data-align=\"center\">Bah\u00e7eler, a\u00e7\u0131k alanlar<\/td><\/tr><tr><td class=\"has-text-align-center\" data-align=\"center\"><strong>Profesyonel Basketbol Potalar\u0131<\/strong><\/td><td class=\"has-text-align-center\" data-align=\"center\">Standart \u00f6l\u00e7\u00fclere uygun, y\u00fcksek kaliteli malzemelerden \u00fcretilir, genellikle spor salonlar\u0131 ve okullar i\u00e7in tercih edilir.<\/td><td class=\"has-text-align-center\" data-align=\"center\"><strong>15.000 TL &#8211; 25,000 TL <\/strong><\/td><td class=\"has-text-align-center\" data-align=\"center\">Spor salonlar\u0131, okullar, spor kompleksleri<\/td><\/tr><tr><td class=\"has-text-align-center\" data-align=\"center\"><strong>Mobil Basketbol Potalar Potalar<\/strong><\/td><td class=\"has-text-align-center\" data-align=\"center\">Kolay ta\u015f\u0131nabilir, genellikle tekerlekli veya katlanabilir \u00f6zelliktedir.<\/td><td class=\"has-text-align-center\" data-align=\"center\"><strong>22,000 TL &#8211; 35,000 TL<\/strong><\/td><td class=\"has-text-align-center\" data-align=\"center\">Okul bah\u00e7eleri, etkinlikler<\/td><\/tr><\/tbody><tfoot><tr><td class=\"has-text-align-center\" data-align=\"center\">\u00c7ak\u0131r Spor<\/td><td class=\"has-text-align-center\" data-align=\"center\">Zemin Kimyasallar\u0131 ve Spor Ekipmanlar\u0131<\/td><td class=\"has-text-align-center\" data-align=\"center\">Hayata Spor Kat<\/td><td class=\"has-text-align-center\" data-align=\"center\">\u0130yi Sporlar <\/td><\/tr><\/tfoot><\/table><figcaption class=\"wp-element-caption\"><strong>G\u00fcncel Basketbol Potas\u0131 Fiyatlar\u0131 \u0130\u00e7in \u0130leti\u015fime Ge\u00e7in \u00c7ak\u0131r Spor Zemin Kimyasallar\u0131 ve Spor Ekipmanlar\u0131 Hayata Spor Kat \u0130yi Sporlar.<\/strong><\/figcaption><\/figure>\n\n\n\n<div class=\"wp-block-columns alignfull has-text-color has-background is-layout-flex wp-container-core-columns-is-layout-1 wp-block-columns-is-layout-flex\" style=\"color:#000000;background-color:#ffffff\">\n<div class=\"wp-block-column is-layout-flow wp-block-column-is-layout-flow\">\n<h3 class=\"wp-block-heading has-text-align-center\" style=\"font-size:24px;line-height:1.3\"><a href=\"https:\/\/cakirspor.com\/index.php\/nba-tip-basketbol-potasi-uretimi\/\"><strong>NBA Tip Basketbol Potas\u0131 \u00dcretimi \u2197<\/strong><\/a><\/h3>\n\n\n\n<p><\/p>\n\n\n\n<p>M\u00fczede sanal bir tur al\u0131n. Okullar ve etkinlikler i\u00e7in idealdir.<\/p>\n<\/div>\n\n\n\n<div class=\"wp-block-column is-layout-flow wp-block-column-is-layout-flow\">\n<h3 class=\"wp-block-heading has-text-align-center\" style=\"font-size:24px;line-height:1.3\"><strong><a href=\"https:\/\/wordpress.org\">G\u00fcncel g\u00f6steriler \u2197<\/a><\/strong><\/h3>\n\n\n\n<p>Bilgi al\u0131n ve buradan g\u00fcncel sergilerimize bak\u0131n.<\/p>\n<\/div>\n\n\n\n<div class=\"wp-block-column is-layout-flow wp-block-column-is-layout-flow\">\n<h3 class=\"wp-block-heading has-text-align-center\" style=\"font-size:24px;line-height:1.3\"><strong><a href=\"https:\/\/wordpress.org\">Yararl\u0131 bilgiler \u2197<\/a><\/strong><\/h3>\n\n\n\n<p>A\u00e7\u0131l\u0131\u015f saatlerimizi, bilet fiyatlar\u0131m\u0131z\u0131 ve indirimlerimizi \u00f6\u011frenin.<\/p>\n<\/div>\n<\/div>\n","protected":false},"excerpt":{"rendered":"<p>Okul Tipi Basketbol Potas\u0131:Fiyat aral\u0131\u011f\u0131: &#8211; Bah\u00e7e Tipi Basketbol Potas\u0131: Diyat Aral\u0131\u011f\u0131 &#8211; Duvara Monte Basketbol Potas\u0131: Fiyat Aral\u0131klar\u0131 &#8211; Profesyonel Basketbol Potas\u0131: Fiyat<\/p>\n","protected":false},"author":1,"featured_media":0,"parent":0,"menu_order":0,"comment_status":"closed","ping_status":"closed","template":"","meta":{"_eb_attr":"","footnotes":""},"class_list":["post-2040","page","type-page","status-publish","hentry"],"_links":{"self":[{"href":"https:\/\/cakirspor.com\/index.php\/wp-json\/wp\/v2\/pages\/2040","targetHints":{"allow":["GET"]}}],"collection":[{"href":"https:\/\/cakirspor.com\/index.php\/wp-json\/wp\/v2\/pages"}],"about":[{"href":"https:\/\/cakirspor.com\/index.php\/wp-json\/wp\/v2\/types\/page"}],"author":[{"embeddable":true,"href":"https:\/\/cakirspor.com\/index.php\/wp-json\/wp\/v2\/users\/1"}],"replies":[{"embeddable":true,"href":"https:\/\/cakirspor.com\/index.php\/wp-json\/wp\/v2\/comments?post=2040"}],"version-history":[{"count":5,"href":"https:\/\/cakirspor.com\/index.php\/wp-json\/wp\/v2\/pages\/2040\/revisions"}],"predecessor-version":[{"id":10593,"href":"https:\/\/cakirspor.com\/index.php\/wp-json\/wp\/v2\/pages\/2040\/revisions\/10593"}],"wp:attachment":[{"href":"https:\/\/cakirspor.com\/index.php\/wp-json\/wp\/v2\/media?parent=2040"}],"curies":[{"name":"wp","href":"https:\/\/api.w.org\/{rel}","templated":true}]}}