{"id":15523,"date":"2026-03-10T14:12:40","date_gmt":"2026-03-10T11:12:40","guid":{"rendered":"https:\/\/cakirspor.com\/?page_id=15523"},"modified":"2026-03-10T14:12:41","modified_gmt":"2026-03-10T11:12:41","slug":"sbr-rulo-kaucuk-uzeri-tenis-kortu-akrilik-zemin-kaplama","status":"publish","type":"page","link":"https:\/\/cakirspor.com\/index.php\/sbr-rulo-kaucuk-uzeri-tenis-kortu-akrilik-zemin-kaplama\/","title":{"rendered":"SBR Rulo Kau\u00e7uk \u00dczeri Tenis Kortu Akrilik Zemin Kaplama"},"content":{"rendered":"\n<h2 class=\"wp-block-heading alignfull has-background has-small-font-size\" style=\"background:linear-gradient(180deg,rgb(255,255,255) 43%,rgb(40,116,252) 100%)\"><\/h2>\n\n\n\n<h1 class=\"wp-block-heading has-text-align-center has-vivid-red-color has-text-color has-link-color wp-elements-8e929e33071faf875fc11afe2d00c585\">\u00c7AKIR SPOR SBR RULO \u00dcZER\u0130 AKR\u0130L\u0130K ZEM\u0130N KAPLAMA S\u0130STEM\u0130 TEKN\u0130K \u015eARTNAMES\u0130<\/h1>\n\n\n\n<h2 class=\"wp-block-heading alignfull has-background has-small-font-size\" style=\"background:linear-gradient(180deg,rgb(255,255,255) 43%,rgb(40,116,252) 100%)\"><\/h2>\n\n\n\n<h2 class=\"wp-block-heading has-vivid-red-color has-text-color has-link-color wp-elements-bb2edfb936bbbf5fd39c1f58977d4e65\">1. GENEL BAKI\u015e VE V\u0130ZYON<\/h2>\n\n\n\n<p class=\"has-medium-font-size\">Sporun fiziksel ve zihinsel geli\u015fimdeki vazge\u00e7ilmez rol\u00fc, ancak profesyonel ve g\u00fcvenli zeminlerde icra edildi\u011finde tam kar\u015f\u0131l\u0131\u011f\u0131n\u0131 bulur. <strong>\u00c7ak\u0131r Spor<\/strong>, tenis kortlar\u0131 ve \u00e7ok ama\u00e7l\u0131 sahalarda sakatlanma riskini minimize eden, oyun performans\u0131n\u0131 maksimize eden <strong>SBR Rulo \u00dczeri Akrilik Kaplama<\/strong> sistemini sunar. Bu sistem; esneklik, estetik ve ekstrem dayan\u0131kl\u0131l\u0131\u011f\u0131 tek bir potada eritir.<\/p>\n\n\n\n<h2 class=\"wp-block-heading alignfull has-background has-small-font-size\" style=\"background:linear-gradient(180deg,rgb(255,255,255) 43%,rgb(40,116,252) 100%)\"><\/h2>\n\n\n\n<hr class=\"wp-block-separator has-alpha-channel-opacity\"\/>\n\n\n\n<h2 class=\"wp-block-heading has-vivid-red-color has-text-color has-link-color wp-elements-2a73d5e2b605079f90ca9e31be794471\">2. ZEM\u0130N HAZIRLI\u011eI VE ET\u00dcD\u00dc (KR\u0130T\u0130K A\u015eAMA)<\/h2>\n\n\n\n<p class=\"has-medium-font-size\">Kusursuz bir kaplaman\u0131n s\u0131rr\u0131, g\u00f6r\u00fcnmeyen altyap\u0131dad\u0131r.<\/p>\n\n\n\n<ul class=\"wp-block-list\">\n<li class=\"has-medium-font-size\"><strong>Mekanik Temizlik:<\/strong> Beton y\u00fczeydeki sivri \u00e7\u0131k\u0131nt\u0131lar ve har\u00e7 art\u0131klar\u0131 sanayi tipi z\u0131mpara makinesi ile giderilir.<\/li>\n\n\n\n<li class=\"has-medium-font-size\"><strong>Tozdan Ar\u0131nd\u0131rma:<\/strong> Z\u0131mparalanan y\u00fczey, end\u00fcstriyel \u00fcfleme ve vakum makineleri ile temizlenir.<\/li>\n\n\n\n<li class=\"has-medium-font-size\"><strong>Y\u0131kama:<\/strong> Bas\u0131n\u00e7l\u0131 y\u0131kama makinesi ile y\u00fczeydeki ya\u011f, gres ve mikro tozlar s\u00f6k\u00fcl\u00fcr. Uygulamaya ge\u00e7meden \u00f6nce zeminin tamamen kurumas\u0131 \u015fartt\u0131r.<\/li>\n\n\n\n<li class=\"has-medium-font-size\"><strong>Ond\u00fclasyon (G\u00f6llenme) Onar\u0131m\u0131:<\/strong> 10 mm\u2019ye kadar olan kot farklar\u0131 ve lokal g\u00f6\u00e7\u00fckler; akrilik tamir harc\u0131, kum, su ve \u00e7imento kar\u0131\u015f\u0131m\u0131 ile \u00e7elik mala yard\u0131m\u0131yla s\u0131f\u0131rlan\u0131r. (Kuruma s\u00fcresi: 24 saat).<\/li>\n<\/ul>\n\n\n\n<hr class=\"wp-block-separator has-alpha-channel-opacity\"\/>\n\n\n\n<h2 class=\"wp-block-heading alignfull has-background has-small-font-size\" style=\"background:linear-gradient(180deg,rgb(255,255,255) 43%,rgb(40,116,252) 100%)\"><\/h2>\n\n\n\n<h2 class=\"wp-block-heading has-vivid-red-color has-text-color has-link-color wp-elements-b93ae367f79110c3a6f5d1848c6de193\">3. ASTAR VE SBR RULO UYGULAMASI<\/h2>\n\n\n\n<p class=\"has-medium-font-size\">Zeminin kaplamayla olan sars\u0131lmaz ba\u011f\u0131 bu a\u015famada kurulur.<\/p>\n\n\n\n<ul class=\"wp-block-list\">\n<li class=\"has-medium-font-size\"><strong>Epoksi Astar:<\/strong> \u00c7ift bile\u015fenli astar, matkapla 5 dakika kar\u0131\u015ft\u0131r\u0131l\u0131r ve 20 dakika i\u00e7inde m\u00b2\u2019ye <strong>0,150-0,200 gr<\/strong> sarfiyatla uygulan\u0131r.<\/li>\n\n\n\n<li class=\"has-medium-font-size\"><strong>Silis Kum Serpilmesi:<\/strong> Astar ya\u015fken, \u00fczerine parlak y\u00fczey kalmayacak \u015fekilde silis kum serpilerek aderans (yap\u0131\u015fma g\u00fcc\u00fc) art\u0131r\u0131l\u0131r.<\/li>\n\n\n\n<li class=\"has-medium-font-size\"><strong>SBR Yap\u0131\u015ft\u0131rma:<\/strong> SBR kau\u00e7uk rulolar, sahaya g\u00f6re hatas\u0131z kesilir. \u00c7ift bile\u015fenli <strong>Poli\u00fcretan Yap\u0131\u015ft\u0131r\u0131c\u0131<\/strong> kullan\u0131larak, rulolar aras\u0131nda bo\u015fluk kalmayacak \u015fekilde zemine lamine edilir. Ek yerlerine a\u011f\u0131rl\u0131k konularak m\u00fckemmel yap\u0131\u015fma sa\u011flan\u0131r.<\/li>\n<\/ul>\n\n\n\n<hr class=\"wp-block-separator has-alpha-channel-opacity\"\/>\n\n\n\n<h2 class=\"wp-block-heading alignfull has-background has-small-font-size\" style=\"background:linear-gradient(180deg,rgb(255,255,255) 43%,rgb(40,116,252) 100%)\"><\/h2>\n\n\n\n<h2 class=\"wp-block-heading has-vivid-red-color has-text-color has-link-color wp-elements-4e2dd36cfe56da5eb7190c045da5ec25\">4. ARA KAT VE CUSHION (KONFOR) KATMANLARI<\/h2>\n\n\n\n<p class=\"has-medium-font-size\">Sistemin &#8220;akci\u011feri&#8221; olan esneklik katmanlar\u0131d\u0131r.<\/p>\n\n\n\n<ul class=\"wp-block-list\">\n<li class=\"has-medium-font-size\"><strong>Resurfacer (Dolgu):<\/strong> SBR g\u00f6zeneklerini kapatmak i\u00e7in; 75 kg Resurfacer, %30 temiz su ve %40 silis kum ile kar\u0131\u015ft\u0131r\u0131l\u0131r. m\u00b2 sarfiyat\u0131 <strong>450 gr<\/strong>\u2019d\u0131r. (Kuruma: 14\u00b0C\u2019de 8 saat).<\/li>\n\n\n\n<li class=\"has-medium-font-size\"><strong>Cushion (Esnek Katman):<\/strong> Tenis topunun ivme kazanmas\u0131 ve eklem sa\u011fl\u0131\u011f\u0131 i\u00e7in uygulan\u0131r.\n<ul class=\"wp-block-list\">\n<li><strong>Kal\u0131n Cushion:<\/strong> 600 gr\/m\u00b2<\/li>\n\n\n\n<li><strong>\u0130nce Cushion:<\/strong> 600 gr\/m\u00b2<\/li>\n\n\n\n<li>Kar\u0131\u015f\u0131ma %30 temiz su eklenerek \u00f6zel \u00e7ek\u00e7eklerle uygulan\u0131r.<\/li>\n<\/ul>\n<\/li>\n<\/ul>\n\n\n\n<hr class=\"wp-block-separator has-alpha-channel-opacity\"\/>\n\n\n\n<h2 class=\"wp-block-heading alignfull has-background has-small-font-size\" style=\"background:linear-gradient(180deg,rgb(255,255,255) 43%,rgb(40,116,252) 100%)\"><\/h2>\n\n\n\n<h2 class=\"wp-block-heading has-vivid-red-color has-text-color has-link-color wp-elements-031ea1b80857ce4f620978a66ac1c766\">5. RENK KATMANLARI VE SON KAT (TOP COAT)<\/h2>\n\n\n\n<p class=\"has-medium-font-size\">Sahan\u0131n kimli\u011fini ve direncini belirleyen &#8220;Z\u0131rh&#8221; katman\u0131d\u0131r.<\/p>\n\n\n\n<ul class=\"wp-block-list\">\n<li class=\"has-medium-font-size\"><strong>Ara Kat Boya:<\/strong> %30 temiz su ve %40-60 silis kuvars kum ile haz\u0131rlan\u0131r. m\u00b2 sarfiyat\u0131 <strong>450 gr<\/strong>\u2019d\u0131r.<\/li>\n\n\n\n<li class=\"has-medium-font-size\"><strong>Son Kat Kaplama:<\/strong> Dayan\u0131kl\u0131l\u0131\u011f\u0131 ve esteti\u011fi m\u00fch\u00fcrleyen bu katman, %30 su ve %40-60 silis kuvars kum ile t\u0131rnakl\u0131 mala kullan\u0131larak uygulan\u0131r. (Kuruma: 14\u00b0C\u2019de 8 saat).<\/li>\n\n\n\n<li class=\"has-medium-font-size\"><strong>Hava Ko\u015fulu:<\/strong> Uygulama s\u0131cakl\u0131\u011f\u0131 <strong>14\u00b0C &#8211; 34\u00b0C<\/strong> aras\u0131nda sabitlenmelidir.<\/li>\n<\/ul>\n\n\n\n<hr class=\"wp-block-separator has-alpha-channel-opacity\"\/>\n\n\n\n<h2 class=\"wp-block-heading alignfull has-background has-small-font-size\" style=\"background:linear-gradient(180deg,rgb(255,255,255) 43%,rgb(40,116,252) 100%)\"><\/h2>\n\n\n\n<h2 class=\"wp-block-heading has-vivid-red-color has-text-color has-link-color wp-elements-31f34fda802493a12ac7a4839fdf4d0e\">6. OYUN \u00c7\u0130ZG\u0130LER\u0130 VE GLOSSCOAT (F\u0130NAL)<\/h2>\n\n\n\n<ul class=\"wp-block-list\">\n<li class=\"has-medium-font-size\"><strong>Akrilik \u00c7izgi Boyas\u0131:<\/strong> %100 akrilik esasl\u0131, kuvars kum takviyeli kaymaz boyalarla (5-10-15 kg ambalajlar) oyun s\u0131n\u0131rlar\u0131 belirlenir.<\/li>\n\n\n\n<li class=\"has-medium-font-size\"><strong>Glosscoat Koruma:<\/strong> T\u00fcm sistem bittikten sonra m\u00b2\u2019ye <strong>150 gr<\/strong> sarfiyatla \u00e7ekpas yard\u0131m\u0131yla uygulan\u0131r.\n<ul class=\"wp-block-list\">\n<li><strong>UV Korumas\u0131:<\/strong> Renklerin solmas\u0131n\u0131 \u00f6nler.<\/li>\n\n\n\n<li><strong>Dayan\u0131kl\u0131l\u0131k:<\/strong> Sahan\u0131n \u00f6mr\u00fcn\u00fc uzat\u0131r ve ilk g\u00fcnk\u00fc canl\u0131l\u0131\u011f\u0131n\u0131 korur.<\/li>\n<\/ul>\n<\/li>\n<\/ul>\n\n\n\n<h2 class=\"wp-block-heading alignfull has-background has-small-font-size\" style=\"background:linear-gradient(180deg,rgb(255,255,255) 43%,rgb(40,116,252) 100%)\"><\/h2>\n\n\n\n<hr class=\"wp-block-separator has-alpha-channel-opacity\"\/>\n\n\n\n<h2 class=\"wp-block-heading has-vivid-red-color has-text-color has-link-color wp-elements-907cf14e921cd8e3594155f6aa4afd13\"><strong>7. \u00c7AKIR SPOR GARANT\u0130S\u0130 VE SONU\u00c7<\/strong><\/h2>\n\n\n\n<p class=\"has-medium-font-size\"><strong>\u00c7ak\u0131r Spor<\/strong> taraf\u0131ndan uygulanan SBR rulo \u00fczeri akrilik sistem; iklim ko\u015fullar\u0131na, yo\u011fun kullan\u0131ma ve zamana meydan okur. Uygulaman\u0131n her a\u015famas\u0131 teknik verilerimize ve profesyonel i\u015f\u00e7ilik standartlar\u0131m\u0131za tabidir.<\/p>\n\n\n\n<p><strong>&#8220;Hayata Spor Kat, \u0130yi Sporlar!&#8221;<\/strong><\/p>\n\n\n\n<p><strong>\u00c7AKIR SPOR TEKN\u0130K KURULU<\/strong><\/p>\n\n\n\n<h2 class=\"wp-block-heading alignfull has-background has-small-font-size\" style=\"background:linear-gradient(180deg,rgb(255,255,255) 43%,rgb(40,116,252) 100%)\"><\/h2>\n","protected":false},"excerpt":{"rendered":"<p>\u00c7AKIR SPOR SBR RULO \u00dcZER\u0130 AKR\u0130L\u0130K ZEM\u0130N KAPLAMA S\u0130STEM\u0130 TEKN\u0130K \u015eARTNAMES\u0130 1. GENEL BAKI\u015e VE V\u0130ZYON Sporun fiziksel ve zihinsel geli\u015fimdeki vazge\u00e7ilmez rol\u00fc, ancak<\/p>\n","protected":false},"author":1,"featured_media":0,"parent":0,"menu_order":0,"comment_status":"closed","ping_status":"closed","template":"","meta":{"_eb_attr":"","footnotes":""},"class_list":["post-15523","page","type-page","status-publish","hentry"],"_links":{"self":[{"href":"https:\/\/cakirspor.com\/index.php\/wp-json\/wp\/v2\/pages\/15523","targetHints":{"allow":["GET"]}}],"collection":[{"href":"https:\/\/cakirspor.com\/index.php\/wp-json\/wp\/v2\/pages"}],"about":[{"href":"https:\/\/cakirspor.com\/index.php\/wp-json\/wp\/v2\/types\/page"}],"author":[{"embeddable":true,"href":"https:\/\/cakirspor.com\/index.php\/wp-json\/wp\/v2\/users\/1"}],"replies":[{"embeddable":true,"href":"https:\/\/cakirspor.com\/index.php\/wp-json\/wp\/v2\/comments?post=15523"}],"version-history":[{"count":1,"href":"https:\/\/cakirspor.com\/index.php\/wp-json\/wp\/v2\/pages\/15523\/revisions"}],"predecessor-version":[{"id":15524,"href":"https:\/\/cakirspor.com\/index.php\/wp-json\/wp\/v2\/pages\/15523\/revisions\/15524"}],"wp:attachment":[{"href":"https:\/\/cakirspor.com\/index.php\/wp-json\/wp\/v2\/media?parent=15523"}],"curies":[{"name":"wp","href":"https:\/\/api.w.org\/{rel}","templated":true}]}}