{"id":10875,"date":"2025-01-03T02:12:09","date_gmt":"2025-01-02T23:12:09","guid":{"rendered":"https:\/\/cakirspor.com\/?page_id=10875"},"modified":"2025-01-03T03:01:28","modified_gmt":"2025-01-03T00:01:28","slug":"padel-kort-fiyatlari","status":"publish","type":"page","link":"https:\/\/cakirspor.com\/index.php\/padel-kort-fiyatlari\/","title":{"rendered":"Padel Kort Fiyatlar\u0131"},"content":{"rendered":"\n<h3 class=\"wp-block-heading alignfull has-text-color has-background has-small-font-size\" style=\"color:#ffffff00;background:linear-gradient(180deg,rgb(255,255,255) 36%,rgb(169,184,195) 100%)\">Ankara Padel Kortu Yap\u0131m\u0131: \u00c7ak\u0131r Spor ile Tan\u0131\u015f\u0131n &#8211; Padel Kort Fiyatlar\u0131 2025: En Uygun Teklifler Burada &#8211; Kaliteli Padel Kortu Malzemeleri: \u00c7ak\u0131r Spor Garantisi &#8211; Kapal\u0131 ve A\u00e7\u0131k Padel Kortlar\u0131: Her B\u00fct\u00e7eye Uygun \u00c7\u00f6z\u00fcmler &#8211; Padel Kortu Yapt\u0131rmak \u0130stiyorum: Ne Yapmal\u0131y\u0131m? &#8211; En \u0130yi Padel Kortu Hangisi? \u00c7ak\u0131r Spor&#8217;u Ke\u015ffedin<\/h3>\n\n\n\n<div class=\"wp-block-columns alignfull has-text-color has-background is-layout-flex wp-container-core-columns-is-layout-1 wp-block-columns-is-layout-flex\" style=\"color:#000000;background:linear-gradient(180deg,rgb(255,255,255) 49%,rgb(169,184,195) 100%)\">\n<div class=\"wp-block-column is-layout-flow wp-block-column-is-layout-flow\">\n<h3 class=\"wp-block-heading has-text-align-center has-background\" style=\"background:linear-gradient(180deg,rgb(255,255,255) 44%,rgb(169,184,195) 100%);font-size:24px;line-height:1.3\"><a href=\"https:\/\/cakirspor.com\/index.php\/padel-tenis-kortu\/\"><strong>Standart Padel Kortu  Fiyat\u0131\u2197<\/strong><\/a><\/h3>\n\n\n\n<div class=\"wp-block-cover is-light\" style=\"min-height:427px;aspect-ratio:unset;\"><span aria-hidden=\"true\" class=\"wp-block-cover__background has-background-dim-0 has-background-dim\"><\/span><img loading=\"lazy\" decoding=\"async\" width=\"1920\" height=\"1280\" class=\"wp-block-cover__image-background wp-image-10885\" alt=\"\" src=\"https:\/\/cakirspor.com\/wp-content\/uploads\/2025\/01\/Padel-kort-yapimi-ankara-cakir-spor-padel-kortlari-Padel-Cakir-.jpg\" data-object-fit=\"cover\" srcset=\"https:\/\/cakirspor.com\/wp-content\/uploads\/2025\/01\/Padel-kort-yapimi-ankara-cakir-spor-padel-kortlari-Padel-Cakir-.jpg 1920w, https:\/\/cakirspor.com\/wp-content\/uploads\/2025\/01\/Padel-kort-yapimi-ankara-cakir-spor-padel-kortlari-Padel-Cakir--300x200.jpg 300w, https:\/\/cakirspor.com\/wp-content\/uploads\/2025\/01\/Padel-kort-yapimi-ankara-cakir-spor-padel-kortlari-Padel-Cakir--1024x683.jpg 1024w, https:\/\/cakirspor.com\/wp-content\/uploads\/2025\/01\/Padel-kort-yapimi-ankara-cakir-spor-padel-kortlari-Padel-Cakir--768x512.jpg 768w, https:\/\/cakirspor.com\/wp-content\/uploads\/2025\/01\/Padel-kort-yapimi-ankara-cakir-spor-padel-kortlari-Padel-Cakir--1536x1024.jpg 1536w\" sizes=\"auto, (max-width: 1920px) 100vw, 1920px\" \/><div class=\"wp-block-cover__inner-container is-layout-flow wp-block-cover-is-layout-flow\">\n<p class=\"has-text-align-center has-text-color has-large-font-size\" style=\"color:#ffffffa8\">www.cakirspor.com<\/p>\n<\/div><\/div>\n\n\n\n<div class=\"wp-block-buttons is-layout-flex wp-block-buttons-is-layout-flex\">\n<div class=\"wp-block-button has-custom-width wp-block-button__width-100 is-style-outline is-style-outline--1\"><a class=\"wp-block-button__link has-background wp-element-button\" style=\"border-radius:0px;background:linear-gradient(180deg,rgb(255,255,255) 50%,rgb(169,184,195) 100%)\"><strong>Padel Kort Suni \u00c7im Zemin Kaplama Sistemleri<\/strong><\/a><\/div>\n<\/div>\n\n\n\n<pre class=\"wp-block-verse has-background has-medium-font-size\" style=\"background:linear-gradient(180deg,rgb(254,254,254) 51%,rgb(169,184,195) 100%)\">Uluslararas\u0131 Padel Federasyonu taraf\u0131ndan belirlenen standart \u00f6l\u00e7\u00fclere ve \u00f6zelliklere sahip kortlard\u0131r. Geni\u015f kullan\u0131m alan\u0131na sahiptirler.<\/pre>\n<\/div>\n\n\n\n<div class=\"wp-block-column is-layout-flow wp-block-column-is-layout-flow\">\n<h3 class=\"wp-block-heading has-text-align-center has-background\" style=\"background:linear-gradient(180deg,rgb(255,255,255) 47%,rgb(169,184,195) 100%);font-size:24px;line-height:1.3\"><a href=\"https:\/\/cakirspor.com\/index.php\/padel-tenis-kortu-epdm-zemin\/\"><strong>Panoramik Padel Kortu Fiyat\u0131\u2197<\/strong><\/a><\/h3>\n\n\n\n<div class=\"wp-block-cover is-light\"><span aria-hidden=\"true\" class=\"wp-block-cover__background has-background-dim-0 has-background-dim\"><\/span><img loading=\"lazy\" decoding=\"async\" width=\"1600\" height=\"1200\" class=\"wp-block-cover__image-background wp-image-10888\" alt=\"\" src=\"http:\/\/cakirspor.com\/wp-content\/uploads\/2025\/01\/padel-tenis-kortu-yapimi-cakir-Padel.jpg\" data-object-fit=\"cover\" srcset=\"https:\/\/cakirspor.com\/wp-content\/uploads\/2025\/01\/padel-tenis-kortu-yapimi-cakir-Padel.jpg 1600w, https:\/\/cakirspor.com\/wp-content\/uploads\/2025\/01\/padel-tenis-kortu-yapimi-cakir-Padel-300x225.jpg 300w, https:\/\/cakirspor.com\/wp-content\/uploads\/2025\/01\/padel-tenis-kortu-yapimi-cakir-Padel-1024x768.jpg 1024w, https:\/\/cakirspor.com\/wp-content\/uploads\/2025\/01\/padel-tenis-kortu-yapimi-cakir-Padel-768x576.jpg 768w, https:\/\/cakirspor.com\/wp-content\/uploads\/2025\/01\/padel-tenis-kortu-yapimi-cakir-Padel-1536x1152.jpg 1536w\" sizes=\"auto, (max-width: 1600px) 100vw, 1600px\" \/><div class=\"wp-block-cover__inner-container is-layout-flow wp-block-cover-is-layout-flow\">\n<p class=\"has-text-align-center has-text-color has-large-font-size\" style=\"color:#ffffff75\">www.cakirspor.com<\/p>\n<\/div><\/div>\n\n\n\n<div class=\"wp-block-buttons is-layout-flex wp-block-buttons-is-layout-flex\">\n<div class=\"wp-block-button has-custom-width wp-block-button__width-100 is-style-outline is-style-outline--2\"><a class=\"wp-block-button__link has-background wp-element-button\" style=\"border-radius:0px;background:linear-gradient(180deg,rgb(255,255,255) 44%,rgb(169,184,195) 100%)\"><strong>Padel Kort Akrilik Zemin Kaplama Sistemleri<\/strong><\/a><\/div>\n<\/div>\n\n\n\n<pre class=\"wp-block-verse has-background\" style=\"background:linear-gradient(180deg,rgb(255,255,255) 48%,rgb(169,184,195) 100%);font-size:19px\">Bu kortlarda, oyun alan\u0131n\u0131n \u00e7evresinde geni\u015f cam y\u00fczeyler bulunur. Bu sayede oyuncular daha ferah bir ortamda oynama imkan\u0131 bulur ve \u00e7evreyi daha iyi g\u00f6zlemleyebilirler.<\/pre>\n\n\n\n<p><a rel=\"noreferrer noopener\" href=\"https:\/\/www.italgreen.org\/en\/blog\/panoramic-padel-court-what-it-is-and-how-to-build-it\" target=\"_blank\"><\/a><\/p>\n<\/div>\n\n\n\n<div class=\"wp-block-column is-layout-flow wp-block-column-is-layout-flow\">\n<h3 class=\"wp-block-heading has-text-align-center has-background\" style=\"background:linear-gradient(180deg,rgb(254,254,254) 37%,rgb(169,184,195) 100%);font-size:24px;line-height:1.3\"><a href=\"https:\/\/cakirspor.com\/index.php\/padel-tenis-kortu-epdm-zemin\/\"><strong>A\u00e7\u0131k Padel Kortu Fiyat\u0131 \u2197<\/strong><\/a><\/h3>\n\n\n\n<div class=\"wp-block-cover\"><span aria-hidden=\"true\" class=\"wp-block-cover__background has-background-dim-0 has-background-dim\"><\/span><img loading=\"lazy\" decoding=\"async\" width=\"1600\" height=\"900\" class=\"wp-block-cover__image-background wp-image-10889\" alt=\"\" src=\"https:\/\/cakirspor.com\/wp-content\/uploads\/2025\/01\/Padel-tenis-kortu.jpg\" data-object-fit=\"cover\" srcset=\"https:\/\/cakirspor.com\/wp-content\/uploads\/2025\/01\/Padel-tenis-kortu.jpg 1600w, https:\/\/cakirspor.com\/wp-content\/uploads\/2025\/01\/Padel-tenis-kortu-300x169.jpg 300w, https:\/\/cakirspor.com\/wp-content\/uploads\/2025\/01\/Padel-tenis-kortu-1024x576.jpg 1024w, https:\/\/cakirspor.com\/wp-content\/uploads\/2025\/01\/Padel-tenis-kortu-768x432.jpg 768w, https:\/\/cakirspor.com\/wp-content\/uploads\/2025\/01\/Padel-tenis-kortu-1536x864.jpg 1536w\" sizes=\"auto, (max-width: 1600px) 100vw, 1600px\" \/><div class=\"wp-block-cover__inner-container is-layout-flow wp-block-cover-is-layout-flow\">\n<p class=\"has-text-align-center has-text-color has-large-font-size\" style=\"color:#ffffff5c\">www.cakirspor.com<\/p>\n<\/div><\/div>\n\n\n\n<div class=\"wp-block-buttons is-layout-flex wp-block-buttons-is-layout-flex\">\n<div class=\"wp-block-button has-custom-width wp-block-button__width-100 is-style-outline is-style-outline--3\"><a class=\"wp-block-button__link has-background wp-element-button\" style=\"border-radius:0px;background:linear-gradient(180deg,rgb(255,255,255) 39%,rgb(169,184,195) 100%)\"><strong>Padel Kort EPDM Zemin Kaplama<\/strong><\/a><\/div>\n<\/div>\n\n\n\n<pre class=\"wp-block-verse has-background\" style=\"background:linear-gradient(180deg,rgb(254,254,254) 42%,rgb(169,184,195) 100%);font-size:19px\">Hava \u015fartlar\u0131n\u0131n uygun oldu\u011fu d\u00f6nemlerde tercih edilen a\u00e7\u0131k kortlar, genellikle spor kompleksleri veya otellerin bah\u00e7elerinde yer al\u0131r.<\/pre>\n<\/div>\n<\/div>\n\n\n\n<div class=\"wp-block-columns alignfull has-text-color has-background is-layout-flex wp-container-core-columns-is-layout-2 wp-block-columns-is-layout-flex\" style=\"color:#000000;background:linear-gradient(180deg,rgb(255,255,255) 49%,rgb(169,184,195) 100%)\">\n<div class=\"wp-block-column is-layout-flow wp-block-column-is-layout-flow\">\n<h3 class=\"wp-block-heading has-text-align-center has-background\" style=\"background:linear-gradient(180deg,rgb(255,255,255) 44%,rgb(169,184,195) 100%);font-size:24px;line-height:1.3\"><a href=\"https:\/\/cakirspor.com\/index.php\/padel-tenis-kortu\/\"><strong>Kapal\u0131 Padel Kortu Fiyat\u0131\u2197<\/strong><\/a><\/h3>\n\n\n\n<div class=\"wp-block-cover\" style=\"min-height:427px;aspect-ratio:unset;\"><span aria-hidden=\"true\" class=\"wp-block-cover__background has-background-dim-0 has-background-dim\"><\/span><img loading=\"lazy\" decoding=\"async\" width=\"960\" height=\"540\" class=\"wp-block-cover__image-background wp-image-10895\" alt=\"\" src=\"http:\/\/cakirspor.com\/wp-content\/uploads\/2025\/01\/Padel-kort-yapimi-Cakir-Spor.webp\" data-object-fit=\"cover\" srcset=\"https:\/\/cakirspor.com\/wp-content\/uploads\/2025\/01\/Padel-kort-yapimi-Cakir-Spor.webp 960w, https:\/\/cakirspor.com\/wp-content\/uploads\/2025\/01\/Padel-kort-yapimi-Cakir-Spor-300x169.webp 300w, https:\/\/cakirspor.com\/wp-content\/uploads\/2025\/01\/Padel-kort-yapimi-Cakir-Spor-768x432.webp 768w\" sizes=\"auto, (max-width: 960px) 100vw, 960px\" \/><div class=\"wp-block-cover__inner-container is-layout-flow wp-block-cover-is-layout-flow\">\n<p class=\"has-text-align-center has-text-color has-large-font-size\" style=\"color:#ffffffa8\">www.cakirspor.com<\/p>\n<\/div><\/div>\n\n\n\n<div class=\"wp-block-buttons is-layout-flex wp-block-buttons-is-layout-flex\">\n<div class=\"wp-block-button has-custom-width wp-block-button__width-100 is-style-outline is-style-outline--4\"><a class=\"wp-block-button__link has-background wp-element-button\" style=\"border-radius:0px;background:linear-gradient(180deg,rgb(255,255,255) 50%,rgb(169,184,195) 100%)\"><strong>Padel Kort Suni \u00c7im Zemin Kaplama Sistemleri<\/strong><\/a><\/div>\n<\/div>\n\n\n\n<pre class=\"wp-block-verse has-background has-medium-font-size\" style=\"background:linear-gradient(180deg,rgb(254,254,254) 51%,rgb(169,184,195) 100%)\">Uluslararas\u0131 Padel Federasyonu taraf\u0131ndan belirlenen standart \u00f6l\u00e7\u00fclere ve \u00f6zelliklere sahip kortlard\u0131r. Geni\u015f kullan\u0131m alan\u0131na sahiptirler.<\/pre>\n<\/div>\n\n\n\n<div class=\"wp-block-column is-layout-flow wp-block-column-is-layout-flow\">\n<h3 class=\"wp-block-heading has-text-align-center has-background\" style=\"background:linear-gradient(180deg,rgb(255,255,255) 47%,rgb(169,184,195) 100%);font-size:24px;line-height:1.3\"><a href=\"https:\/\/cakirspor.com\/index.php\/padel-tenis-kortu-epdm-zemin\/\"><strong>\u00d6zel Tasar\u0131m Kortlar\u2197<\/strong><\/a><\/h3>\n\n\n\n<div class=\"wp-block-cover\"><span aria-hidden=\"true\" class=\"wp-block-cover__background has-background-dim-0 has-background-dim\"><\/span><img loading=\"lazy\" decoding=\"async\" width=\"800\" height=\"533\" class=\"wp-block-cover__image-background wp-image-10897\" alt=\"\" src=\"http:\/\/cakirspor.com\/wp-content\/uploads\/2025\/01\/Cakir-Spor-Padel-Kort-kurulumu-ve-fiyatlari.jpg\" data-object-fit=\"cover\" srcset=\"https:\/\/cakirspor.com\/wp-content\/uploads\/2025\/01\/Cakir-Spor-Padel-Kort-kurulumu-ve-fiyatlari.jpg 800w, https:\/\/cakirspor.com\/wp-content\/uploads\/2025\/01\/Cakir-Spor-Padel-Kort-kurulumu-ve-fiyatlari-300x200.jpg 300w, https:\/\/cakirspor.com\/wp-content\/uploads\/2025\/01\/Cakir-Spor-Padel-Kort-kurulumu-ve-fiyatlari-768x512.jpg 768w\" sizes=\"auto, (max-width: 800px) 100vw, 800px\" \/><div class=\"wp-block-cover__inner-container is-layout-flow wp-block-cover-is-layout-flow\">\n<p class=\"has-text-align-center has-text-color has-large-font-size\" style=\"color:#ffffff75\">www.cakirspor.com<\/p>\n<\/div><\/div>\n\n\n\n<div class=\"wp-block-buttons is-layout-flex wp-block-buttons-is-layout-flex\">\n<div class=\"wp-block-button has-custom-width wp-block-button__width-100 is-style-outline is-style-outline--5\"><a class=\"wp-block-button__link has-background wp-element-button\" style=\"border-radius:0px;background:linear-gradient(180deg,rgb(255,255,255) 44%,rgb(169,184,195) 100%)\"><strong>Padel Kort Akrilik Zemin Kaplama Sistemleri<\/strong><\/a><\/div>\n<\/div>\n\n\n\n<pre class=\"wp-block-verse has-background\" style=\"background:linear-gradient(180deg,rgb(255,255,255) 48%,rgb(169,184,195) 100%);font-size:19px\">Bu kortlarda, oyun alan\u0131n\u0131n \u00e7evresinde geni\u015f cam y\u00fczeyler bulunur. Bu sayede oyuncular daha ferah bir ortamda oynama imkan\u0131 bulur ve \u00e7evreyi daha iyi g\u00f6zlemleyebilirler.<\/pre>\n\n\n\n<p><a rel=\"noreferrer noopener\" href=\"https:\/\/www.italgreen.org\/en\/blog\/panoramic-padel-court-what-it-is-and-how-to-build-it\" target=\"_blank\"><\/a><\/p>\n<\/div>\n\n\n\n<div class=\"wp-block-column is-layout-flow wp-block-column-is-layout-flow\">\n<h3 class=\"wp-block-heading has-text-align-center has-background\" style=\"background:linear-gradient(180deg,rgb(254,254,254) 37%,rgb(169,184,195) 100%);font-size:24px;line-height:1.3\"><a href=\"https:\/\/cakirspor.com\/index.php\/padel-tenis-kortu-epdm-zemin\/\"><strong>A\u00e7\u0131k Padel Kortu Fiyat\u0131 \u2197<\/strong><\/a><\/h3>\n\n\n\n<div class=\"wp-block-cover\"><span aria-hidden=\"true\" class=\"wp-block-cover__background has-background-dim-0 has-background-dim\"><\/span><img loading=\"lazy\" decoding=\"async\" width=\"1600\" height=\"900\" class=\"wp-block-cover__image-background wp-image-10889\" alt=\"\" src=\"https:\/\/cakirspor.com\/wp-content\/uploads\/2025\/01\/Padel-tenis-kortu.jpg\" data-object-fit=\"cover\" srcset=\"https:\/\/cakirspor.com\/wp-content\/uploads\/2025\/01\/Padel-tenis-kortu.jpg 1600w, https:\/\/cakirspor.com\/wp-content\/uploads\/2025\/01\/Padel-tenis-kortu-300x169.jpg 300w, https:\/\/cakirspor.com\/wp-content\/uploads\/2025\/01\/Padel-tenis-kortu-1024x576.jpg 1024w, https:\/\/cakirspor.com\/wp-content\/uploads\/2025\/01\/Padel-tenis-kortu-768x432.jpg 768w, https:\/\/cakirspor.com\/wp-content\/uploads\/2025\/01\/Padel-tenis-kortu-1536x864.jpg 1536w\" sizes=\"auto, (max-width: 1600px) 100vw, 1600px\" \/><div class=\"wp-block-cover__inner-container is-layout-flow wp-block-cover-is-layout-flow\">\n<p class=\"has-text-align-center has-text-color has-large-font-size\" style=\"color:#ffffff5c\">www.cakirspor.com<\/p>\n<\/div><\/div>\n\n\n\n<div class=\"wp-block-buttons is-layout-flex wp-block-buttons-is-layout-flex\">\n<div class=\"wp-block-button has-custom-width wp-block-button__width-100 is-style-outline is-style-outline--6\"><a class=\"wp-block-button__link has-background wp-element-button\" style=\"border-radius:0px;background:linear-gradient(180deg,rgb(255,255,255) 39%,rgb(169,184,195) 100%)\"><strong>Padel Kort EPDM Zemin Kaplama<\/strong><\/a><\/div>\n<\/div>\n\n\n\n<pre class=\"wp-block-verse has-background\" style=\"background:linear-gradient(180deg,rgb(254,254,254) 42%,rgb(169,184,195) 100%);font-size:19px\">Hava \u015fartlar\u0131n\u0131n uygun oldu\u011fu d\u00f6nemlerde tercih edilen a\u00e7\u0131k kortlar, genellikle spor kompleksleri veya otellerin bah\u00e7elerinde yer al\u0131r.<\/pre>\n<\/div>\n<\/div>\n","protected":false},"excerpt":{"rendered":"<p>Ankara Padel Kortu Yap\u0131m\u0131: \u00c7ak\u0131r Spor ile Tan\u0131\u015f\u0131n &#8211; Padel Kort Fiyatlar\u0131 2025: En Uygun Teklifler Burada &#8211; Kaliteli Padel Kortu Malzemeleri: \u00c7ak\u0131r Spor<\/p>\n","protected":false},"author":1,"featured_media":0,"parent":0,"menu_order":0,"comment_status":"closed","ping_status":"closed","template":"","meta":{"_eb_attr":"","footnotes":""},"class_list":["post-10875","page","type-page","status-publish","hentry"],"_links":{"self":[{"href":"https:\/\/cakirspor.com\/index.php\/wp-json\/wp\/v2\/pages\/10875","targetHints":{"allow":["GET"]}}],"collection":[{"href":"https:\/\/cakirspor.com\/index.php\/wp-json\/wp\/v2\/pages"}],"about":[{"href":"https:\/\/cakirspor.com\/index.php\/wp-json\/wp\/v2\/types\/page"}],"author":[{"embeddable":true,"href":"https:\/\/cakirspor.com\/index.php\/wp-json\/wp\/v2\/users\/1"}],"replies":[{"embeddable":true,"href":"https:\/\/cakirspor.com\/index.php\/wp-json\/wp\/v2\/comments?post=10875"}],"version-history":[{"count":10,"href":"https:\/\/cakirspor.com\/index.php\/wp-json\/wp\/v2\/pages\/10875\/revisions"}],"predecessor-version":[{"id":10898,"href":"https:\/\/cakirspor.com\/index.php\/wp-json\/wp\/v2\/pages\/10875\/revisions\/10898"}],"wp:attachment":[{"href":"https:\/\/cakirspor.com\/index.php\/wp-json\/wp\/v2\/media?parent=10875"}],"curies":[{"name":"wp","href":"https:\/\/api.w.org\/{rel}","templated":true}]}}